{"id":671,"date":"2026-02-04T08:44:36","date_gmt":"2026-02-04T08:44:36","guid":{"rendered":"https:\/\/isuccess.niarztest.com\/?page_id=671"},"modified":"2026-04-15T17:05:39","modified_gmt":"2026-04-15T17:05:39","slug":"impresszum","status":"publish","type":"page","link":"https:\/\/isuccess.niarztest.com\/index.php\/impresszum\/","title":{"rendered":"Impresszum"},"content":{"rendered":"\t\t<div data-elementor-type=\"wp-page\" data-elementor-id=\"671\" class=\"elementor elementor-671\" data-elementor-post-type=\"page\">\n\t\t\t\t<div class=\"elementor-element elementor-element-4c0078b e-flex e-con-boxed e-con e-parent\" data-id=\"4c0078b\" data-element_type=\"container\" data-settings=\"{&quot;background_background&quot;:&quot;classic&quot;}\">\n\t\t\t\t\t<div class=\"e-con-inner\">\n\t\t\t\t<div class=\"elementor-element elementor-element-df309d2 elementor-widget elementor-widget-spacer\" data-id=\"df309d2\" data-element_type=\"widget\" data-widget_type=\"spacer.default\">\n\t\t\t\t\t\t\t<div class=\"elementor-spacer\">\n\t\t\t<div class=\"elementor-spacer-inner\"><\/div>\n\t\t<\/div>\n\t\t\t\t\t\t<\/div>\n\t\t\t\t<div class=\"elementor-element elementor-element-756f33b elementor-widget elementor-widget-heading\" data-id=\"756f33b\" data-element_type=\"widget\" data-widget_type=\"heading.default\">\n\t\t\t\t\t<h2 class=\"elementor-heading-title elementor-size-default\">Impresszum<\/h2>\t\t\t\t<\/div>\n\t\t\t\t<div class=\"elementor-element elementor-element-2839282 elementor-widget elementor-widget-spacer\" data-id=\"2839282\" data-element_type=\"widget\" data-widget_type=\"spacer.default\">\n\t\t\t\t\t\t\t<div class=\"elementor-spacer\">\n\t\t\t<div class=\"elementor-spacer-inner\"><\/div>\n\t\t<\/div>\n\t\t\t\t\t\t<\/div>\n\t\t\t\t\t<\/div>\n\t\t\t\t<\/div>\n\t\t<div class=\"elementor-element elementor-element-713e917 e-flex e-con-boxed e-con e-parent\" data-id=\"713e917\" data-element_type=\"container\">\n\t\t\t\t\t<div class=\"e-con-inner\">\n\t\t\t\t<div class=\"elementor-element elementor-element-6aae1f1 elementor-widget elementor-widget-spacer\" data-id=\"6aae1f1\" data-element_type=\"widget\" data-widget_type=\"spacer.default\">\n\t\t\t\t\t\t\t<div class=\"elementor-spacer\">\n\t\t\t<div class=\"elementor-spacer-inner\"><\/div>\n\t\t<\/div>\n\t\t\t\t\t\t<\/div>\n\t\t\t\t\t<\/div>\n\t\t\t\t<\/div>\n\t\t<div class=\"elementor-element elementor-element-f7cbcad e-flex e-con-boxed e-con e-parent\" data-id=\"f7cbcad\" data-element_type=\"container\">\n\t\t\t\t\t<div class=\"e-con-inner\">\n\t\t\t\t<div class=\"elementor-element elementor-element-ba7bc1e elementor-widget elementor-widget-text-editor\" data-id=\"ba7bc1e\" data-element_type=\"widget\" data-widget_type=\"text-editor.default\">\n\t\t\t\t\t\t\t\t\t<h5 class=\"wow fadeInRight\">N\u00e9v:<\/h5><p class=\"wow fadeInLeft\">iSuccess Kft.<\/p><h5 class=\"wow fadeInRight\">\u00a0<\/h5><h5 class=\"wow fadeInRight\">Kapcsolattart\u00f3 neve:<\/h5><p class=\"wow fadeInLeft\">Gergely-Nagy Inez \u00c1gnes<\/p><h5 class=\"wow fadeInRight\">\u00a0<\/h5><h5 class=\"wow fadeInRight\">Sz\u00e9khely:<\/h5><p class=\"wow fadeInLeft\">1161 Budapest,<br \/>Cs\u00f6m\u00f6ri \u00fat 10.<\/p><h5 class=\"wow fadeInRight\">\u00a0<\/h5><h5 class=\"wow fadeInRight\">Ad\u00f3sz\u00e1m:<\/h5><p class=\"wow fadeInLeft\">24135412-2-42<\/p><h5 class=\"wow fadeInRight\">\u00a0<\/h5><h5 class=\"wow fadeInRight\">C\u00e9gjegyz\u00e9ksz\u00e1m:<\/h5><p class=\"wow fadeInLeft\">01-09-187677<\/p><h5 class=\"wow fadeInRight\">\u00a0<\/h5><h5 class=\"wow fadeInRight\">C\u00e9gb\u00edr\u00f3s\u00e1g:<\/h5><p class=\"wow fadeInLeft\">F\u0151v\u00e1rosi T\u00f6rv\u00e9nysz\u00e9k C\u00e9gb\u00edr\u00f3s\u00e1ga<\/p><h5 class=\"wow fadeInRight\">\u00a0<\/h5><h5 class=\"wow fadeInRight\">Adatv\u00e9delmi Nyilv\u00e1ntart\u00e1si azonos\u00edt\u00f3:<\/h5><p class=\"wow fadeInLeft\">NAIH:<\/p><h5 class=\"wow fadeInRight\">\u00a0<\/h5><h5 class=\"wow fadeInRight\">E-mail:<\/h5><p class=\"wow fadeInLeft\">hello[kukac]isuccess.hu<\/p><h5 class=\"wow fadeInRight\">\u00a0<\/h5><h5 class=\"wow fadeInRight\">Web:<\/h5><p class=\"wow fadeInLeft\">www.isuccess.hu<\/p><h5 class=\"wow fadeInRight\">\u00a0<\/h5><h5 class=\"wow fadeInRight\">T\u00e1rhely szolg\u00e1ltat\u00f3 el\u00e9rhet\u0151s\u00e9ge:<\/h5><p class=\"wow fadeInLeft\"><span data-teams=\"true\">info@brauniq.com<\/span><br \/>+36709404149<\/p>\t\t\t\t\t\t\t\t<\/div>\n\t\t\t\t\t<\/div>\n\t\t\t\t<\/div>\n\t\t<div class=\"elementor-element elementor-element-c1bc57d e-flex e-con-boxed e-con e-parent\" data-id=\"c1bc57d\" data-element_type=\"container\">\n\t\t\t\t\t<div class=\"e-con-inner\">\n\t\t\t\t<div class=\"elementor-element elementor-element-92884f8 elementor-widget elementor-widget-button\" data-id=\"92884f8\" data-element_type=\"widget\" data-widget_type=\"button.default\">\n\t\t\t\t\t\t\t\t\t\t<a class=\"elementor-button elementor-button-link elementor-size-sm\" href=\"mailto:hello@isuccess.hu\">\n\t\t\t\t\t\t<span class=\"elementor-button-content-wrapper\">\n\t\t\t\t\t\t\t\t\t<span class=\"elementor-button-text\">hello@isuccess.hu<\/span>\n\t\t\t\t\t<\/span>\n\t\t\t\t\t<\/a>\n\t\t\t\t\t\t\t\t<\/div>\n\t\t\t\t\t<\/div>\n\t\t\t\t<\/div>\n\t\t\t\t<\/div>\n\t\t","protected":false},"excerpt":{"rendered":"<p>Impresszum N\u00e9v: iSuccess Kft. \u00a0 Kapcsolattart\u00f3 neve: Gergely-Nagy Inez \u00c1gnes \u00a0 Sz\u00e9khely: 1161 Budapest,Cs\u00f6m\u00f6ri \u00fat 10. \u00a0 Ad\u00f3sz\u00e1m: 24135412-2-42 \u00a0 C\u00e9gjegyz\u00e9ksz\u00e1m: 01-09-187677 \u00a0 C\u00e9gb\u00edr\u00f3s\u00e1g: F\u0151v\u00e1rosi T\u00f6rv\u00e9nysz\u00e9k C\u00e9gb\u00edr\u00f3s\u00e1ga \u00a0 Adatv\u00e9delmi Nyilv\u00e1ntart\u00e1si azonos\u00edt\u00f3: NAIH: \u00a0 E-mail: hello[kukac]isuccess.hu \u00a0 Web: www.isuccess.hu \u00a0 T\u00e1rhely szolg\u00e1ltat\u00f3 el\u00e9rhet\u0151s\u00e9ge: info@brauniq.com+36709404149 hello@isuccess.hu<\/p>\n","protected":false},"author":1,"featured_media":0,"parent":0,"menu_order":0,"comment_status":"closed","ping_status":"closed","template":"elementor_canvas","meta":{"footnotes":""},"class_list":["post-671","page","type-page","status-publish","hentry","entry"],"_links":{"self":[{"href":"https:\/\/isuccess.niarztest.com\/index.php\/wp-json\/wp\/v2\/pages\/671","targetHints":{"allow":["GET"]}}],"collection":[{"href":"https:\/\/isuccess.niarztest.com\/index.php\/wp-json\/wp\/v2\/pages"}],"about":[{"href":"https:\/\/isuccess.niarztest.com\/index.php\/wp-json\/wp\/v2\/types\/page"}],"author":[{"embeddable":true,"href":"https:\/\/isuccess.niarztest.com\/index.php\/wp-json\/wp\/v2\/users\/1"}],"replies":[{"embeddable":true,"href":"https:\/\/isuccess.niarztest.com\/index.php\/wp-json\/wp\/v2\/comments?post=671"}],"version-history":[{"count":13,"href":"https:\/\/isuccess.niarztest.com\/index.php\/wp-json\/wp\/v2\/pages\/671\/revisions"}],"predecessor-version":[{"id":1033,"href":"https:\/\/isuccess.niarztest.com\/index.php\/wp-json\/wp\/v2\/pages\/671\/revisions\/1033"}],"wp:attachment":[{"href":"https:\/\/isuccess.niarztest.com\/index.php\/wp-json\/wp\/v2\/media?parent=671"}],"curies":[{"name":"wp","href":"https:\/\/api.w.org\/{rel}","templated":true}]}}