{"id":658,"date":"2026-02-04T08:19:32","date_gmt":"2026-02-04T08:19:32","guid":{"rendered":"https:\/\/isuccess.niarztest.com\/?page_id=658"},"modified":"2026-02-04T08:41:08","modified_gmt":"2026-02-04T08:41:08","slug":"adatkezelesi-tajekoztato","status":"publish","type":"page","link":"https:\/\/isuccess.niarztest.com\/index.php\/adatkezelesi-tajekoztato\/","title":{"rendered":"Adatkezel\u00e9si t\u00e1j\u00e9koztat\u00f3"},"content":{"rendered":"\t\t<div data-elementor-type=\"wp-page\" data-elementor-id=\"658\" class=\"elementor elementor-658\" data-elementor-post-type=\"page\">\n\t\t\t\t<div class=\"elementor-element elementor-element-4c0078b e-flex e-con-boxed e-con e-parent\" data-id=\"4c0078b\" data-element_type=\"container\" data-settings=\"{&quot;background_background&quot;:&quot;classic&quot;}\">\n\t\t\t\t\t<div class=\"e-con-inner\">\n\t\t\t\t<div class=\"elementor-element elementor-element-df309d2 elementor-widget elementor-widget-spacer\" data-id=\"df309d2\" data-element_type=\"widget\" data-widget_type=\"spacer.default\">\n\t\t\t\t\t\t\t<div class=\"elementor-spacer\">\n\t\t\t<div class=\"elementor-spacer-inner\"><\/div>\n\t\t<\/div>\n\t\t\t\t\t\t<\/div>\n\t\t\t\t<div class=\"elementor-element elementor-element-756f33b elementor-widget elementor-widget-heading\" data-id=\"756f33b\" data-element_type=\"widget\" data-widget_type=\"heading.default\">\n\t\t\t\t\t<h2 class=\"elementor-heading-title elementor-size-default\">Adatkezel\u00e9si t\u00e1j\u00e9koztat\u00f3<\/h2>\t\t\t\t<\/div>\n\t\t\t\t<div class=\"elementor-element elementor-element-2839282 elementor-widget elementor-widget-spacer\" data-id=\"2839282\" data-element_type=\"widget\" data-widget_type=\"spacer.default\">\n\t\t\t\t\t\t\t<div class=\"elementor-spacer\">\n\t\t\t<div class=\"elementor-spacer-inner\"><\/div>\n\t\t<\/div>\n\t\t\t\t\t\t<\/div>\n\t\t\t\t\t<\/div>\n\t\t\t\t<\/div>\n\t\t<div class=\"elementor-element elementor-element-713e917 e-flex e-con-boxed e-con e-parent\" data-id=\"713e917\" data-element_type=\"container\">\n\t\t\t\t\t<div class=\"e-con-inner\">\n\t\t\t\t<div class=\"elementor-element elementor-element-6aae1f1 elementor-widget elementor-widget-spacer\" data-id=\"6aae1f1\" data-element_type=\"widget\" data-widget_type=\"spacer.default\">\n\t\t\t\t\t\t\t<div class=\"elementor-spacer\">\n\t\t\t<div class=\"elementor-spacer-inner\"><\/div>\n\t\t<\/div>\n\t\t\t\t\t\t<\/div>\n\t\t\t\t\t<\/div>\n\t\t\t\t<\/div>\n\t\t<div class=\"elementor-element elementor-element-f7cbcad e-flex e-con-boxed e-con e-parent\" data-id=\"f7cbcad\" data-element_type=\"container\">\n\t\t\t\t\t<div class=\"e-con-inner\">\n\t\t\t\t<div class=\"elementor-element elementor-element-ba7bc1e elementor-widget elementor-widget-text-editor\" data-id=\"ba7bc1e\" data-element_type=\"widget\" data-widget_type=\"text-editor.default\">\n\t\t\t\t\t\t\t\t\t<h5 class=\"wow fadeInRight\">N\u00e9v:<\/h5><p class=\"wow fadeInLeft\">iSuccess Kft.<\/p><p>\u00a0<\/p><h5 class=\"wow fadeInRight\">Kapcsolattart\u00f3 neve:<\/h5><p class=\"wow fadeInLeft\">Gergely-Nagy Inez \u00c1gnes<\/p><p>\u00a0<\/p><h5 class=\"wow fadeInRight\">Sz\u00e9khely:<\/h5><p class=\"wow fadeInLeft\">1172 Budapest, Martin utca 5.<\/p><p>\u00a0<\/p><h5 class=\"wow fadeInRight\">Ad\u00f3sz\u00e1m:<\/h5><p class=\"wow fadeInLeft\">24135412-2-42<\/p><p>\u00a0<\/p><h5 class=\"wow fadeInRight\">C\u00e9gjegyz\u00e9ksz\u00e1m:<\/h5><p class=\"wow fadeInLeft\">01-09-187677<\/p><p>\u00a0<\/p><h5 class=\"wow fadeInRight\">C\u00e9gb\u00edr\u00f3s\u00e1g:<\/h5><p class=\"wow fadeInLeft\">F\u0151v\u00e1rosi T\u00f6rv\u00e9nysz\u00e9k C\u00e9gb\u00edr\u00f3s\u00e1ga<\/p><p>\u00a0<\/p><h5 class=\"wow fadeInRight\">Adatv\u00e9delmi Nyilv\u00e1ntart\u00e1si azonos\u00edt\u00f3:<\/h5><p class=\"wow fadeInLeft\">NAIH:<\/p><p>\u00a0<\/p><h5 class=\"wow fadeInRight\">E-mail:<\/h5><p class=\"wow fadeInLeft\">hello[kukac]isuccess.hu<\/p><p>\u00a0<\/p><h5 class=\"wow fadeInRight\">Web:<\/h5><p class=\"wow fadeInLeft\">www.isuccess.hu<\/p><p>\u00a0<\/p><h5 class=\"wow fadeInRight\">T\u00e1rhely szolg\u00e1ltat\u00f3 el\u00e9rhet\u0151s\u00e9ge:<\/h5><p class=\"wow fadeInLeft\">admin@greenpass.pro<br \/>+36709404149<br \/>A weboldalon szerepl\u0151 k\u00e9pek \u00e9s sz\u00f6veges tartalmak a iSuccess Kft. tulajdona, ezeknek felhaszn\u00e1l\u00e1soz k\u00fcl\u00f6n enged\u00e9ly sz\u00fcks\u00e9ges. \u2013 Az oldalon tal\u00e1lhat\u00f3 tartalmak enged\u00e9ly n\u00e9lk\u00fcli m\u00e1sol\u00e1sa vagy b\u00e1rmely egy\u00e9b c\u00e9lra t\u00f6rt\u00e9n\u0151 felhaszn\u00e1l\u00e1sa tilos! Az oldalakon tal\u00e1lhat\u00f3 b\u00e1rmely tartalom jogosulatlan felhaszn\u00e1l\u00e1sa, jogi k\u00f6vetkezm\u00e9nyeket von maga ut\u00e1n! A honlapon megjelen\u00edtett inform\u00e1ci\u00f3kat, dokumentumokat, vagy m\u00e1s \u00edrott anyagokat a iSuccess Kft. kiz\u00e1r\u00f3lag t\u00e1j\u00e9koztat\u00e1s c\u00e9lj\u00e1b\u00f3l teszi k\u00f6zz\u00e9. T\u00e1rhely szolg\u00e1ltat\u00f3: GREEN PASS Utalv\u00e1nykibocs\u00e1t\u00f3 Kft. A iSuccess Kft. weboldal\u00e1nak tartalma az eredetileg megfogalmazottak szerint, v\u00e1ltoztat\u00e1s n\u00e9lk\u00fcl \u00e9rtend\u0151. El\u0151fordulhat, hogy a weboldalon a iSuccess Kft. akarat\u00e1t\u00f3l \u00e9s r\u00e1hat\u00e1s\u00e1t\u00f3l f\u00fcggetlen v\u00e1ltoztat\u00e1s t\u00f6rt\u00e9nik, ez\u00e9rt \u2013 ha jogszab\u00e1ly m\u00e1sk\u00e9nt nem rendelkezik. A iSuccess Kft. semmilyen term\u00e9szet\u0171 felel\u0151ss\u00e9get nem v\u00e1llal az \u00d6n el\u0151tt megjelen\u0151 weboldal pontoss\u00e1g\u00e1ra, megb\u00edzhat\u00f3s\u00e1g\u00e1ra, aktualit\u00e1s\u00e1ra vagy tartalm\u00e1ra vonatkoz\u00f3an, a honlapon el\u00e9rhet\u0151 inform\u00e1ci\u00f3k, dokument\u00e1ci\u00f3k, vagy m\u00e1s \u00edrott anyagok tekintet\u00e9ben. A iSuccess Kft. fenntartja a jogot, hogy weboldal\u00e1t b\u00e1rmikor m\u00f3dos\u00edtsa, vagy \u00e1tdolgozza, illetve el\u00e9rhet\u0151s\u00e9g\u00e9t korl\u00e1tozza, vagy megsz\u00fcntesse. A iSuccess Kft. nem garant\u00e1lja, hogy a weboldalhoz val\u00f3 hozz\u00e1f\u00e9r\u00e9s folyamatos vagy hibamentes lesz. A honlap, illetve az ott el\u00e9rhet\u0151 inform\u00e1ci\u00f3k, dokument\u00e1ci\u00f3k, vagy m\u00e1s \u00edrott anyagok hozz\u00e1f\u00e9r\u00e9s\u00e9b\u0151l, illetve azok k\u00f6zvetett vagy k\u00f6zvetlen felhaszn\u00e1l\u00e1s\u00e1b\u00f3l, a honlap haszn\u00e1latra alkalmatlan \u00e1llapot\u00e1b\u00f3l, vagy a nem megfelel\u0151 m\u0171k\u00f6d\u00e9sb\u0151l, hi\u00e1nyoss\u00e1gb\u00f3l, esetleges \u00fczemzavarb\u00f3l, vagy f\u00e9lre\u00e9rhet\u0151s\u00e9gb\u0151l ered\u0151 k\u00e1rok\u00e9rt \u00e9s\/vagy vesztes\u00e9g\u00e9rt val\u00f3 felel\u0151ss\u00e9get a iSuccess Kft. kifejezetten kiz\u00e1rja. A iSuccess Kft. nem v\u00e1llal felel\u0151ss\u00e9get olyan, harmadik f\u00e9l \u00e1ltal l\u00e9trehozott, tov\u00e1bb\u00edtott, t\u00e1rolt, hozz\u00e1f\u00e9rhet\u0151v\u00e9 tett, vagy publik\u00e1lt tartalmak\u00e9rt, melyekhez a iSuccess Kft. weboldala kapcsol\u00f3dik, vagy amelyekre hivatkozik.<\/p>\t\t\t\t\t\t\t\t<\/div>\n\t\t\t\t\t<\/div>\n\t\t\t\t<\/div>\n\t\t<div class=\"elementor-element elementor-element-c1bc57d e-flex e-con-boxed e-con e-parent\" data-id=\"c1bc57d\" data-element_type=\"container\">\n\t\t\t\t\t<div class=\"e-con-inner\">\n\t\t\t\t<div class=\"elementor-element elementor-element-92884f8 elementor-widget elementor-widget-button\" data-id=\"92884f8\" data-element_type=\"widget\" data-widget_type=\"button.default\">\n\t\t\t\t\t\t\t\t\t\t<a class=\"elementor-button elementor-button-link elementor-size-sm\" href=\"mailto:hello@isuccess.hu\">\n\t\t\t\t\t\t<span class=\"elementor-button-content-wrapper\">\n\t\t\t\t\t\t\t\t\t<span class=\"elementor-button-text\">hello@isuccess.hu<\/span>\n\t\t\t\t\t<\/span>\n\t\t\t\t\t<\/a>\n\t\t\t\t\t\t\t\t<\/div>\n\t\t\t\t\t<\/div>\n\t\t\t\t<\/div>\n\t\t\t\t<\/div>\n\t\t","protected":false},"excerpt":{"rendered":"<p>Adatkezel\u00e9si t\u00e1j\u00e9koztat\u00f3 N\u00e9v: iSuccess Kft. \u00a0 Kapcsolattart\u00f3 neve: Gergely-Nagy Inez \u00c1gnes \u00a0 Sz\u00e9khely: 1172 Budapest, Martin utca 5. \u00a0 Ad\u00f3sz\u00e1m: 24135412-2-42 \u00a0 C\u00e9gjegyz\u00e9ksz\u00e1m: 01-09-187677 \u00a0 C\u00e9gb\u00edr\u00f3s\u00e1g: F\u0151v\u00e1rosi T\u00f6rv\u00e9nysz\u00e9k C\u00e9gb\u00edr\u00f3s\u00e1ga \u00a0 Adatv\u00e9delmi Nyilv\u00e1ntart\u00e1si azonos\u00edt\u00f3: NAIH: \u00a0 E-mail: hello[kukac]isuccess.hu \u00a0 Web: www.isuccess.hu \u00a0 T\u00e1rhely szolg\u00e1ltat\u00f3 el\u00e9rhet\u0151s\u00e9ge: admin@greenpass.pro+36709404149A weboldalon szerepl\u0151 k\u00e9pek \u00e9s sz\u00f6veges tartalmak a iSuccess Kft. tulajdona,&hellip; <a class=\"more-link\" href=\"https:\/\/isuccess.niarztest.com\/index.php\/adatkezelesi-tajekoztato\/\"><span class=\"screen-reader-text\">Adatkezel\u00e9si t\u00e1j\u00e9koztat\u00f3<\/span> olvas\u00e1s\u00e1nak folytat\u00e1sa<\/a><\/p>\n","protected":false},"author":1,"featured_media":0,"parent":0,"menu_order":0,"comment_status":"closed","ping_status":"closed","template":"elementor_canvas","meta":{"footnotes":""},"class_list":["post-658","page","type-page","status-publish","hentry","entry"],"_links":{"self":[{"href":"https:\/\/isuccess.niarztest.com\/index.php\/wp-json\/wp\/v2\/pages\/658","targetHints":{"allow":["GET"]}}],"collection":[{"href":"https:\/\/isuccess.niarztest.com\/index.php\/wp-json\/wp\/v2\/pages"}],"about":[{"href":"https:\/\/isuccess.niarztest.com\/index.php\/wp-json\/wp\/v2\/types\/page"}],"author":[{"embeddable":true,"href":"https:\/\/isuccess.niarztest.com\/index.php\/wp-json\/wp\/v2\/users\/1"}],"replies":[{"embeddable":true,"href":"https:\/\/isuccess.niarztest.com\/index.php\/wp-json\/wp\/v2\/comments?post=658"}],"version-history":[{"count":10,"href":"https:\/\/isuccess.niarztest.com\/index.php\/wp-json\/wp\/v2\/pages\/658\/revisions"}],"predecessor-version":[{"id":670,"href":"https:\/\/isuccess.niarztest.com\/index.php\/wp-json\/wp\/v2\/pages\/658\/revisions\/670"}],"wp:attachment":[{"href":"https:\/\/isuccess.niarztest.com\/index.php\/wp-json\/wp\/v2\/media?parent=658"}],"curies":[{"name":"wp","href":"https:\/\/api.w.org\/{rel}","templated":true}]}}