{"id":214,"date":"2026-01-29T10:14:52","date_gmt":"2026-01-29T10:14:52","guid":{"rendered":"https:\/\/isuccess.niarztest.com\/?page_id=214"},"modified":"2026-01-29T14:42:47","modified_gmt":"2026-01-29T14:42:47","slug":"blog","status":"publish","type":"page","link":"https:\/\/isuccess.niarztest.com\/index.php\/blog\/","title":{"rendered":"Blog"},"content":{"rendered":"\t\t<div data-elementor-type=\"wp-page\" data-elementor-id=\"214\" class=\"elementor elementor-214\" data-elementor-post-type=\"page\">\n\t\t\t\t<div class=\"elementor-element elementor-element-1a053a3 e-flex e-con-boxed e-con e-parent\" data-id=\"1a053a3\" data-element_type=\"container\" data-settings=\"{&quot;background_background&quot;:&quot;classic&quot;}\">\n\t\t\t\t\t<div class=\"e-con-inner\">\n\t\t\t\t<div class=\"elementor-element elementor-element-d1bedfd elementor-widget elementor-widget-spacer\" data-id=\"d1bedfd\" data-element_type=\"widget\" data-widget_type=\"spacer.default\">\n\t\t\t\t\t\t\t<div class=\"elementor-spacer\">\n\t\t\t<div class=\"elementor-spacer-inner\"><\/div>\n\t\t<\/div>\n\t\t\t\t\t\t<\/div>\n\t\t\t\t<div class=\"elementor-element elementor-element-6811f8f elementor-widget elementor-widget-heading\" data-id=\"6811f8f\" data-element_type=\"widget\" data-widget_type=\"heading.default\">\n\t\t\t\t\t<h2 class=\"elementor-heading-title elementor-size-default\">Blog<\/h2>\t\t\t\t<\/div>\n\t\t\t\t<div class=\"elementor-element elementor-element-1a0d0aa elementor-widget elementor-widget-spacer\" data-id=\"1a0d0aa\" data-element_type=\"widget\" data-widget_type=\"spacer.default\">\n\t\t\t\t\t\t\t<div class=\"elementor-spacer\">\n\t\t\t<div class=\"elementor-spacer-inner\"><\/div>\n\t\t<\/div>\n\t\t\t\t\t\t<\/div>\n\t\t\t\t\t<\/div>\n\t\t\t\t<\/div>\n\t\t<div class=\"elementor-element elementor-element-765b12f e-flex e-con-boxed e-con e-parent\" data-id=\"765b12f\" data-element_type=\"container\">\n\t\t\t\t\t<div class=\"e-con-inner\">\n\t\t\t\t<div class=\"elementor-element elementor-element-2110449 elementor-widget elementor-widget-spacer\" data-id=\"2110449\" data-element_type=\"widget\" data-widget_type=\"spacer.default\">\n\t\t\t\t\t\t\t<div class=\"elementor-spacer\">\n\t\t\t<div class=\"elementor-spacer-inner\"><\/div>\n\t\t<\/div>\n\t\t\t\t\t\t<\/div>\n\t\t\t\t\t<\/div>\n\t\t\t\t<\/div>\n\t\t<div class=\"elementor-element elementor-element-79eaafb e-flex e-con-boxed e-con e-parent\" data-id=\"79eaafb\" data-element_type=\"container\" data-settings=\"{&quot;background_background&quot;:&quot;classic&quot;}\">\n\t\t\t\t\t<div class=\"e-con-inner\">\n\t\t<div class=\"elementor-element elementor-element-b5a34da e-con-full e-flex e-con e-child\" data-id=\"b5a34da\" data-element_type=\"container\">\n\t\t\t\t<div class=\"elementor-element elementor-element-3bdeb59 elementor-position-top elementor-widget elementor-widget-image-box\" data-id=\"3bdeb59\" data-element_type=\"widget\" data-widget_type=\"image-box.default\">\n\t\t\t\t\t<div class=\"elementor-image-box-wrapper\"><figure class=\"elementor-image-box-img\"><img fetchpriority=\"high\" decoding=\"async\" width=\"370\" height=\"262\" src=\"https:\/\/isuccess.niarztest.com\/wp-content\/uploads\/2026\/01\/berszamfejtes.png\" class=\"attachment-full size-full wp-image-31\" alt=\"\" style=\"width:100%;height:70.81%;max-width:370px\" srcset=\"https:\/\/isuccess.niarztest.com\/wp-content\/uploads\/2026\/01\/berszamfejtes.png 370w, https:\/\/isuccess.niarztest.com\/wp-content\/uploads\/2026\/01\/berszamfejtes-300x212.png 300w\" sizes=\"(max-width: 370px) 100vw, 370px\" \/><\/figure><div class=\"elementor-image-box-content\"><h3 class=\"elementor-image-box-title\">Ez a c\u00edmsor<\/h3><p class=\"elementor-image-box-description\">Lorem ipsum dolor sit amet, consectetur adipiscing elit. Ut elit tellus, luctus nec ullamcorper mattis, pulvinar dapibus leo.<\/p><\/div><\/div>\t\t\t\t<\/div>\n\t\t\t\t<div class=\"elementor-element elementor-element-d12c083 elementor-align-center elementor-widget elementor-widget-button\" data-id=\"d12c083\" data-element_type=\"widget\" data-widget_type=\"button.default\">\n\t\t\t\t\t\t\t\t\t\t<a class=\"elementor-button elementor-button-link elementor-size-sm\" href=\"#\">\n\t\t\t\t\t\t<span class=\"elementor-button-content-wrapper\">\n\t\t\t\t\t\t\t\t\t<span class=\"elementor-button-text\">Tov\u00e1bbi inform\u00e1ci\u00f3k<\/span>\n\t\t\t\t\t<\/span>\n\t\t\t\t\t<\/a>\n\t\t\t\t\t\t\t\t<\/div>\n\t\t\t\t<div class=\"elementor-element elementor-element-213a139 elementor-widget elementor-widget-spacer\" data-id=\"213a139\" data-element_type=\"widget\" data-widget_type=\"spacer.default\">\n\t\t\t\t\t\t\t<div class=\"elementor-spacer\">\n\t\t\t<div class=\"elementor-spacer-inner\"><\/div>\n\t\t<\/div>\n\t\t\t\t\t\t<\/div>\n\t\t\t\t<\/div>\n\t\t<div class=\"elementor-element elementor-element-9c8a2c3 e-con-full e-flex e-con e-child\" data-id=\"9c8a2c3\" data-element_type=\"container\">\n\t\t\t\t<div class=\"elementor-element elementor-element-19d7668 elementor-position-top elementor-widget elementor-widget-image-box\" data-id=\"19d7668\" data-element_type=\"widget\" data-widget_type=\"image-box.default\">\n\t\t\t\t\t<div class=\"elementor-image-box-wrapper\"><figure class=\"elementor-image-box-img\"><img fetchpriority=\"high\" decoding=\"async\" width=\"370\" height=\"262\" src=\"https:\/\/isuccess.niarztest.com\/wp-content\/uploads\/2026\/01\/berszamfejtes.png\" class=\"attachment-full size-full wp-image-31\" alt=\"\" style=\"width:100%;height:70.81%;max-width:370px\" srcset=\"https:\/\/isuccess.niarztest.com\/wp-content\/uploads\/2026\/01\/berszamfejtes.png 370w, https:\/\/isuccess.niarztest.com\/wp-content\/uploads\/2026\/01\/berszamfejtes-300x212.png 300w\" sizes=\"(max-width: 370px) 100vw, 370px\" \/><\/figure><div class=\"elementor-image-box-content\"><h3 class=\"elementor-image-box-title\">Ez a c\u00edmsor<\/h3><p class=\"elementor-image-box-description\">Lorem ipsum dolor sit amet, consectetur adipiscing elit. Ut elit tellus, luctus nec ullamcorper mattis, pulvinar dapibus leo.<\/p><\/div><\/div>\t\t\t\t<\/div>\n\t\t\t\t<div class=\"elementor-element elementor-element-c34e1aa elementor-align-center elementor-widget elementor-widget-button\" data-id=\"c34e1aa\" data-element_type=\"widget\" data-widget_type=\"button.default\">\n\t\t\t\t\t\t\t\t\t\t<a class=\"elementor-button elementor-button-link elementor-size-sm\" href=\"#\">\n\t\t\t\t\t\t<span class=\"elementor-button-content-wrapper\">\n\t\t\t\t\t\t\t\t\t<span class=\"elementor-button-text\">Tov\u00e1bbi inform\u00e1ci\u00f3k<\/span>\n\t\t\t\t\t<\/span>\n\t\t\t\t\t<\/a>\n\t\t\t\t\t\t\t\t<\/div>\n\t\t\t\t<div class=\"elementor-element elementor-element-3930760 elementor-widget elementor-widget-spacer\" data-id=\"3930760\" data-element_type=\"widget\" data-widget_type=\"spacer.default\">\n\t\t\t\t\t\t\t<div class=\"elementor-spacer\">\n\t\t\t<div class=\"elementor-spacer-inner\"><\/div>\n\t\t<\/div>\n\t\t\t\t\t\t<\/div>\n\t\t\t\t<\/div>\n\t\t<div class=\"elementor-element elementor-element-b799e3e e-con-full e-flex e-con e-child\" data-id=\"b799e3e\" data-element_type=\"container\">\n\t\t\t\t<div class=\"elementor-element elementor-element-a1533f5 elementor-position-top elementor-widget elementor-widget-image-box\" data-id=\"a1533f5\" data-element_type=\"widget\" data-widget_type=\"image-box.default\">\n\t\t\t\t\t<div class=\"elementor-image-box-wrapper\"><figure class=\"elementor-image-box-img\"><img fetchpriority=\"high\" decoding=\"async\" width=\"370\" height=\"262\" src=\"https:\/\/isuccess.niarztest.com\/wp-content\/uploads\/2026\/01\/berszamfejtes.png\" class=\"attachment-full size-full wp-image-31\" alt=\"\" style=\"width:100%;height:70.81%;max-width:370px\" srcset=\"https:\/\/isuccess.niarztest.com\/wp-content\/uploads\/2026\/01\/berszamfejtes.png 370w, https:\/\/isuccess.niarztest.com\/wp-content\/uploads\/2026\/01\/berszamfejtes-300x212.png 300w\" sizes=\"(max-width: 370px) 100vw, 370px\" \/><\/figure><div class=\"elementor-image-box-content\"><h3 class=\"elementor-image-box-title\">Ez a c\u00edmsor<\/h3><p class=\"elementor-image-box-description\">Lorem ipsum dolor sit amet, consectetur adipiscing elit. Ut elit tellus, luctus nec ullamcorper mattis, pulvinar dapibus leo.<\/p><\/div><\/div>\t\t\t\t<\/div>\n\t\t\t\t<div class=\"elementor-element elementor-element-b525554 elementor-align-center elementor-widget elementor-widget-button\" data-id=\"b525554\" data-element_type=\"widget\" data-widget_type=\"button.default\">\n\t\t\t\t\t\t\t\t\t\t<a class=\"elementor-button elementor-button-link elementor-size-sm\" href=\"#\">\n\t\t\t\t\t\t<span class=\"elementor-button-content-wrapper\">\n\t\t\t\t\t\t\t\t\t<span class=\"elementor-button-text\">Tov\u00e1bbi inform\u00e1ci\u00f3k<\/span>\n\t\t\t\t\t<\/span>\n\t\t\t\t\t<\/a>\n\t\t\t\t\t\t\t\t<\/div>\n\t\t\t\t<div class=\"elementor-element elementor-element-1d57d14 elementor-widget elementor-widget-spacer\" data-id=\"1d57d14\" data-element_type=\"widget\" data-widget_type=\"spacer.default\">\n\t\t\t\t\t\t\t<div class=\"elementor-spacer\">\n\t\t\t<div class=\"elementor-spacer-inner\"><\/div>\n\t\t<\/div>\n\t\t\t\t\t\t<\/div>\n\t\t\t\t<\/div>\n\t\t<div class=\"elementor-element elementor-element-b89326c e-con-full e-flex e-con e-child\" data-id=\"b89326c\" data-element_type=\"container\">\n\t\t\t\t<div class=\"elementor-element elementor-element-d8b0668 elementor-position-top elementor-widget elementor-widget-image-box\" data-id=\"d8b0668\" data-element_type=\"widget\" data-widget_type=\"image-box.default\">\n\t\t\t\t\t<div class=\"elementor-image-box-wrapper\"><figure class=\"elementor-image-box-img\"><img fetchpriority=\"high\" decoding=\"async\" width=\"370\" height=\"262\" src=\"https:\/\/isuccess.niarztest.com\/wp-content\/uploads\/2026\/01\/berszamfejtes.png\" class=\"attachment-full size-full wp-image-31\" alt=\"\" style=\"width:100%;height:70.81%;max-width:370px\" srcset=\"https:\/\/isuccess.niarztest.com\/wp-content\/uploads\/2026\/01\/berszamfejtes.png 370w, https:\/\/isuccess.niarztest.com\/wp-content\/uploads\/2026\/01\/berszamfejtes-300x212.png 300w\" sizes=\"(max-width: 370px) 100vw, 370px\" \/><\/figure><div class=\"elementor-image-box-content\"><h3 class=\"elementor-image-box-title\">Ez a c\u00edmsor<\/h3><p class=\"elementor-image-box-description\">Lorem ipsum dolor sit amet, consectetur adipiscing elit. Ut elit tellus, luctus nec ullamcorper mattis, pulvinar dapibus leo.<\/p><\/div><\/div>\t\t\t\t<\/div>\n\t\t\t\t<div class=\"elementor-element elementor-element-69873fa elementor-align-center elementor-widget elementor-widget-button\" data-id=\"69873fa\" data-element_type=\"widget\" data-widget_type=\"button.default\">\n\t\t\t\t\t\t\t\t\t\t<a class=\"elementor-button elementor-button-link elementor-size-sm\" href=\"#\">\n\t\t\t\t\t\t<span class=\"elementor-button-content-wrapper\">\n\t\t\t\t\t\t\t\t\t<span class=\"elementor-button-text\">Tov\u00e1bbi inform\u00e1ci\u00f3k<\/span>\n\t\t\t\t\t<\/span>\n\t\t\t\t\t<\/a>\n\t\t\t\t\t\t\t\t<\/div>\n\t\t\t\t<\/div>\n\t\t<div class=\"elementor-element elementor-element-1e5dadc e-con-full e-flex e-con e-child\" data-id=\"1e5dadc\" data-element_type=\"container\">\n\t\t\t\t<div class=\"elementor-element elementor-element-2ebaf53 elementor-position-top elementor-widget elementor-widget-image-box\" data-id=\"2ebaf53\" data-element_type=\"widget\" data-widget_type=\"image-box.default\">\n\t\t\t\t\t<div class=\"elementor-image-box-wrapper\"><figure class=\"elementor-image-box-img\"><img fetchpriority=\"high\" decoding=\"async\" width=\"370\" height=\"262\" src=\"https:\/\/isuccess.niarztest.com\/wp-content\/uploads\/2026\/01\/berszamfejtes.png\" class=\"attachment-full size-full wp-image-31\" alt=\"\" style=\"width:100%;height:70.81%;max-width:370px\" srcset=\"https:\/\/isuccess.niarztest.com\/wp-content\/uploads\/2026\/01\/berszamfejtes.png 370w, https:\/\/isuccess.niarztest.com\/wp-content\/uploads\/2026\/01\/berszamfejtes-300x212.png 300w\" sizes=\"(max-width: 370px) 100vw, 370px\" \/><\/figure><div class=\"elementor-image-box-content\"><h3 class=\"elementor-image-box-title\">Ez a c\u00edmsor<\/h3><p class=\"elementor-image-box-description\">Lorem ipsum dolor sit amet, consectetur adipiscing elit. Ut elit tellus, luctus nec ullamcorper mattis, pulvinar dapibus leo.<\/p><\/div><\/div>\t\t\t\t<\/div>\n\t\t\t\t<div class=\"elementor-element elementor-element-d46dd23 elementor-align-center elementor-widget elementor-widget-button\" data-id=\"d46dd23\" data-element_type=\"widget\" data-widget_type=\"button.default\">\n\t\t\t\t\t\t\t\t\t\t<a class=\"elementor-button elementor-button-link elementor-size-sm\" href=\"#\">\n\t\t\t\t\t\t<span class=\"elementor-button-content-wrapper\">\n\t\t\t\t\t\t\t\t\t<span class=\"elementor-button-text\">Tov\u00e1bbi inform\u00e1ci\u00f3k<\/span>\n\t\t\t\t\t<\/span>\n\t\t\t\t\t<\/a>\n\t\t\t\t\t\t\t\t<\/div>\n\t\t\t\t<\/div>\n\t\t<div class=\"elementor-element elementor-element-34fa39e e-con-full e-flex e-con e-child\" data-id=\"34fa39e\" data-element_type=\"container\">\n\t\t\t\t<div class=\"elementor-element elementor-element-b45f44c elementor-position-top elementor-widget elementor-widget-image-box\" data-id=\"b45f44c\" data-element_type=\"widget\" data-widget_type=\"image-box.default\">\n\t\t\t\t\t<div class=\"elementor-image-box-wrapper\"><figure class=\"elementor-image-box-img\"><img fetchpriority=\"high\" decoding=\"async\" width=\"370\" height=\"262\" src=\"https:\/\/isuccess.niarztest.com\/wp-content\/uploads\/2026\/01\/berszamfejtes.png\" class=\"attachment-full size-full wp-image-31\" alt=\"\" style=\"width:100%;height:70.81%;max-width:370px\" srcset=\"https:\/\/isuccess.niarztest.com\/wp-content\/uploads\/2026\/01\/berszamfejtes.png 370w, https:\/\/isuccess.niarztest.com\/wp-content\/uploads\/2026\/01\/berszamfejtes-300x212.png 300w\" sizes=\"(max-width: 370px) 100vw, 370px\" \/><\/figure><div class=\"elementor-image-box-content\"><h3 class=\"elementor-image-box-title\">Ez a c\u00edmsor<\/h3><p class=\"elementor-image-box-description\">Lorem ipsum dolor sit amet, consectetur adipiscing elit. Ut elit tellus, luctus nec ullamcorper mattis, pulvinar dapibus leo.<\/p><\/div><\/div>\t\t\t\t<\/div>\n\t\t\t\t<div class=\"elementor-element elementor-element-539721e elementor-align-center elementor-widget elementor-widget-button\" data-id=\"539721e\" data-element_type=\"widget\" data-widget_type=\"button.default\">\n\t\t\t\t\t\t\t\t\t\t<a class=\"elementor-button elementor-button-link elementor-size-sm\" href=\"#\">\n\t\t\t\t\t\t<span class=\"elementor-button-content-wrapper\">\n\t\t\t\t\t\t\t\t\t<span class=\"elementor-button-text\">Tov\u00e1bbi inform\u00e1ci\u00f3k<\/span>\n\t\t\t\t\t<\/span>\n\t\t\t\t\t<\/a>\n\t\t\t\t\t\t\t\t<\/div>\n\t\t\t\t<\/div>\n\t\t\t\t\t<\/div>\n\t\t\t\t<\/div>\n\t\t\t\t<\/div>\n\t\t","protected":false},"excerpt":{"rendered":"<p>Blog Ez a c\u00edmsor Lorem ipsum dolor sit amet, consectetur adipiscing elit. Ut elit tellus, luctus nec ullamcorper mattis, pulvinar dapibus leo. Tov\u00e1bbi inform\u00e1ci\u00f3k Ez a c\u00edmsor Lorem ipsum dolor sit amet, consectetur adipiscing elit. Ut elit tellus, luctus nec ullamcorper mattis, pulvinar dapibus leo. Tov\u00e1bbi inform\u00e1ci\u00f3k Ez a c\u00edmsor Lorem ipsum dolor sit amet,&hellip; <a class=\"more-link\" href=\"https:\/\/isuccess.niarztest.com\/index.php\/blog\/\"><span class=\"screen-reader-text\">Blog<\/span> olvas\u00e1s\u00e1nak folytat\u00e1sa<\/a><\/p>\n","protected":false},"author":1,"featured_media":0,"parent":0,"menu_order":0,"comment_status":"closed","ping_status":"closed","template":"elementor_canvas","meta":{"footnotes":""},"class_list":["post-214","page","type-page","status-publish","hentry","entry"],"_links":{"self":[{"href":"https:\/\/isuccess.niarztest.com\/index.php\/wp-json\/wp\/v2\/pages\/214","targetHints":{"allow":["GET"]}}],"collection":[{"href":"https:\/\/isuccess.niarztest.com\/index.php\/wp-json\/wp\/v2\/pages"}],"about":[{"href":"https:\/\/isuccess.niarztest.com\/index.php\/wp-json\/wp\/v2\/types\/page"}],"author":[{"embeddable":true,"href":"https:\/\/isuccess.niarztest.com\/index.php\/wp-json\/wp\/v2\/users\/1"}],"replies":[{"embeddable":true,"href":"https:\/\/isuccess.niarztest.com\/index.php\/wp-json\/wp\/v2\/comments?post=214"}],"version-history":[{"count":10,"href":"https:\/\/isuccess.niarztest.com\/index.php\/wp-json\/wp\/v2\/pages\/214\/revisions"}],"predecessor-version":[{"id":372,"href":"https:\/\/isuccess.niarztest.com\/index.php\/wp-json\/wp\/v2\/pages\/214\/revisions\/372"}],"wp:attachment":[{"href":"https:\/\/isuccess.niarztest.com\/index.php\/wp-json\/wp\/v2\/media?parent=214"}],"curies":[{"name":"wp","href":"https:\/\/api.w.org\/{rel}","templated":true}]}}