{"id":144,"date":"2026-01-26T16:04:00","date_gmt":"2026-01-26T16:04:00","guid":{"rendered":"https:\/\/isuccess.niarztest.com\/?page_id=144"},"modified":"2026-02-03T11:03:16","modified_gmt":"2026-02-03T11:03:16","slug":"hitelugyintezes","status":"publish","type":"page","link":"https:\/\/isuccess.niarztest.com\/index.php\/hitelugyintezes\/","title":{"rendered":"Hitel\u00fcgyint\u00e9z\u00e9s"},"content":{"rendered":"\t\t<div data-elementor-type=\"wp-page\" data-elementor-id=\"144\" class=\"elementor elementor-144\" data-elementor-post-type=\"page\">\n\t\t\t\t<div class=\"elementor-element elementor-element-1a053a3 e-flex e-con-boxed e-con e-parent\" data-id=\"1a053a3\" data-element_type=\"container\" data-settings=\"{&quot;background_background&quot;:&quot;classic&quot;}\">\n\t\t\t\t\t<div class=\"e-con-inner\">\n\t\t\t\t<div class=\"elementor-element elementor-element-d1bedfd elementor-widget elementor-widget-spacer\" data-id=\"d1bedfd\" data-element_type=\"widget\" data-widget_type=\"spacer.default\">\n\t\t\t\t\t\t\t<div class=\"elementor-spacer\">\n\t\t\t<div class=\"elementor-spacer-inner\"><\/div>\n\t\t<\/div>\n\t\t\t\t\t\t<\/div>\n\t\t\t\t<div class=\"elementor-element elementor-element-6811f8f elementor-widget elementor-widget-heading\" data-id=\"6811f8f\" data-element_type=\"widget\" data-widget_type=\"heading.default\">\n\t\t\t\t\t<h2 class=\"elementor-heading-title elementor-size-default\">Hitel\u00fcgyint\u00e9z\u00e9s<\/h2>\t\t\t\t<\/div>\n\t\t\t\t<div class=\"elementor-element elementor-element-1a0d0aa elementor-widget elementor-widget-spacer\" data-id=\"1a0d0aa\" data-element_type=\"widget\" data-widget_type=\"spacer.default\">\n\t\t\t\t\t\t\t<div class=\"elementor-spacer\">\n\t\t\t<div class=\"elementor-spacer-inner\"><\/div>\n\t\t<\/div>\n\t\t\t\t\t\t<\/div>\n\t\t\t\t\t<\/div>\n\t\t\t\t<\/div>\n\t\t<div class=\"elementor-element elementor-element-d3bb1b5 e-flex e-con-boxed e-con e-parent\" data-id=\"d3bb1b5\" data-element_type=\"container\">\n\t\t\t\t\t<div class=\"e-con-inner\">\n\t\t\t\t<div class=\"elementor-element elementor-element-28b9f47 elementor-widget elementor-widget-spacer\" data-id=\"28b9f47\" data-element_type=\"widget\" data-widget_type=\"spacer.default\">\n\t\t\t\t\t\t\t<div class=\"elementor-spacer\">\n\t\t\t<div class=\"elementor-spacer-inner\"><\/div>\n\t\t<\/div>\n\t\t\t\t\t\t<\/div>\n\t\t\t\t\t<\/div>\n\t\t\t\t<\/div>\n\t\t<div class=\"elementor-element elementor-element-3a33cb1 e-flex e-con-boxed e-con e-parent\" data-id=\"3a33cb1\" data-element_type=\"container\">\n\t\t\t\t\t<div class=\"e-con-inner\">\n\t\t<div class=\"elementor-element elementor-element-eb9794e e-con-full e-flex e-con e-child\" data-id=\"eb9794e\" data-element_type=\"container\">\n\t\t\t\t<div class=\"elementor-element elementor-element-f153678 elementor-widget elementor-widget-heading\" data-id=\"f153678\" data-element_type=\"widget\" data-widget_type=\"heading.default\">\n\t\t\t\t\t<h2 class=\"elementor-heading-title elementor-size-default\">Hitel\u00fcgyint\u00e9z\u00e9s v\u00e1llalkoz\u00e1soknak \u2013<\/h2>\t\t\t\t<\/div>\n\t\t\t\t<div class=\"elementor-element elementor-element-47c6df8 elementor-widget elementor-widget-heading\" data-id=\"47c6df8\" data-element_type=\"widget\" data-widget_type=\"heading.default\">\n\t\t\t\t\t<h2 class=\"elementor-heading-title elementor-size-default\">gyorsan, g\u00f6rd\u00fcl\u00e9kenyen.<\/h2>\t\t\t\t<\/div>\n\t\t\t\t<\/div>\n\t\t<div class=\"elementor-element elementor-element-767e49c e-con-full e-flex e-con e-child\" data-id=\"767e49c\" data-element_type=\"container\">\n\t\t\t\t<\/div>\n\t\t\t\t\t<\/div>\n\t\t\t\t<\/div>\n\t\t<div class=\"elementor-element elementor-element-475e9f6 e-flex e-con-boxed e-con e-parent\" data-id=\"475e9f6\" data-element_type=\"container\" data-settings=\"{&quot;background_background&quot;:&quot;classic&quot;}\">\n\t\t\t\t\t<div class=\"e-con-inner\">\n\t\t<div class=\"elementor-element elementor-element-b55e5e9 e-con-full e-flex e-con e-child\" data-id=\"b55e5e9\" data-element_type=\"container\">\n\t\t\t\t<div class=\"elementor-element elementor-element-e8a6017 elementor-widget elementor-widget-text-editor\" data-id=\"e8a6017\" data-element_type=\"widget\" data-widget_type=\"text-editor.default\">\n\t\t\t\t\t\t\t\t\t<div class=\"cube-classic cube-classic-2\"><div class=\"cube-classic cube-classic-2\">\u00a0<\/div><p class=\"wow fadeInLeft\">V\u00e1llalkoz\u00e1sa sz\u00e1m\u00e1ra teljes k\u00f6r\u0171 hitel\u00fcgyint\u00e9z\u00e9st biztos\u00edtunk, hogy \u00d6n a legjobb finansz\u00edroz\u00e1si megold\u00e1st tal\u00e1lja meg an\u00e9lk\u00fcl, hogy felesleges id\u0151t \u00e9s energi\u00e1t pazarolna a banki \u00fcgyint\u00e9z\u00e9sre. Szak\u00e9rt\u0151 csapatunk az ig\u00e9nyl\u00e9s els\u0151 l\u00e9p\u00e9s\u00e9t\u0151l kezdve az elb\u00edr\u00e1l\u00e1son \u00e1t eg\u00e9szen a hitel foly\u00f3s\u00edt\u00e1s\u00e1ig v\u00e9gigk\u00eds\u00e9ri \u00e9s koordin\u00e1lja a teljes folyamatot.<\/p><\/div>\t\t\t\t\t\t\t\t<\/div>\n\t\t\t\t<\/div>\n\t\t<div class=\"elementor-element elementor-element-c2e0f18 e-con-full e-flex e-con e-child\" data-id=\"c2e0f18\" data-element_type=\"container\">\n\t\t\t\t<div class=\"elementor-element elementor-element-9c8a8cb elementor-widget elementor-widget-image\" data-id=\"9c8a8cb\" data-element_type=\"widget\" data-widget_type=\"image.default\">\n\t\t\t\t\t\t\t\t\t\t\t\t\t\t\t<img decoding=\"async\" src=\"https:\/\/isuccess.niarztest.com\/wp-content\/uploads\/elementor\/thumbs\/hitelugyintezes-rhp1puba9e0hdz38ag5c1684sna2n2qubl2yl0103g.png\" title=\"hitelugyintezes\" alt=\"hitelugyintezes\" loading=\"lazy\" \/>\t\t\t\t\t\t\t\t\t\t\t\t\t\t\t<\/div>\n\t\t\t\t<\/div>\n\t\t\t\t\t<\/div>\n\t\t\t\t<\/div>\n\t\t<div class=\"elementor-element elementor-element-def0c3f e-flex e-con-boxed e-con e-parent\" data-id=\"def0c3f\" data-element_type=\"container\">\n\t\t\t\t\t<div class=\"e-con-inner\">\n\t\t<div class=\"elementor-element elementor-element-7df10e4 e-con-full e-flex e-con e-child\" data-id=\"7df10e4\" data-element_type=\"container\">\n\t\t\t\t<\/div>\n\t\t<div class=\"elementor-element elementor-element-f1e7e15 e-con-full e-flex e-con e-child\" data-id=\"f1e7e15\" data-element_type=\"container\">\n\t\t\t\t<div class=\"elementor-element elementor-element-24cace8 elementor-widget elementor-widget-heading\" data-id=\"24cace8\" data-element_type=\"widget\" data-widget_type=\"heading.default\">\n\t\t\t\t\t<h2 class=\"elementor-heading-title elementor-size-default\">Szolg\u00e1ltat\u00e1saink<\/h2>\t\t\t\t<\/div>\n\t\t\t\t<div class=\"elementor-element elementor-element-2fd98de elementor-widget elementor-widget-heading\" data-id=\"2fd98de\" data-element_type=\"widget\" data-widget_type=\"heading.default\">\n\t\t\t\t\t<h2 class=\"elementor-heading-title elementor-size-default\">magukba foglalj\u00e1k:<\/h2>\t\t\t\t<\/div>\n\t\t\t\t<\/div>\n\t\t\t\t\t<\/div>\n\t\t\t\t<\/div>\n\t\t<div class=\"elementor-element elementor-element-ea39c62 e-flex e-con-boxed e-con e-parent\" data-id=\"ea39c62\" data-element_type=\"container\" data-settings=\"{&quot;background_background&quot;:&quot;classic&quot;}\">\n\t\t\t\t\t<div class=\"e-con-inner\">\n\t\t<div class=\"elementor-element elementor-element-38c25eb e-con-full e-flex e-con e-child\" data-id=\"38c25eb\" data-element_type=\"container\">\n\t\t\t\t<div class=\"elementor-element elementor-element-afb82bf elementor-widget elementor-widget-image\" data-id=\"afb82bf\" data-element_type=\"widget\" data-widget_type=\"image.default\">\n\t\t\t\t\t\t\t\t\t\t\t\t\t\t\t<img decoding=\"async\" src=\"https:\/\/isuccess.niarztest.com\/wp-content\/uploads\/elementor\/thumbs\/hitelugyintezes-rhp1puba9e0hdz38ag5c1684sna2n2qubl2yl0103g.png\" title=\"hitelugyintezes\" alt=\"hitelugyintezes\" loading=\"lazy\" \/>\t\t\t\t\t\t\t\t\t\t\t\t\t\t\t<\/div>\n\t\t\t\t<\/div>\n\t\t<div class=\"elementor-element elementor-element-bf50d0f e-con-full e-flex e-con e-child\" data-id=\"bf50d0f\" data-element_type=\"container\">\n\t\t\t\t<div class=\"elementor-element elementor-element-247b57f elementor-widget elementor-widget-text-editor\" data-id=\"247b57f\" data-element_type=\"widget\" data-widget_type=\"text-editor.default\">\n\t\t\t\t\t\t\t\t\t<section class=\"section section-xl bg-default\"><div class=\"container\"><div class=\"row row-30 justify-content-center justify-content-lg-end align-items-md-center\"><div class=\"col-md-6\"><p class=\"wow fadeInRight\"><b>A legmegfelel\u0151bb hitelkonstrukci\u00f3 kiv\u00e1laszt\u00e1sa<\/b>\u00a0&#8211; egyedi ig\u00e9nyekre szabott finansz\u00edroz\u00e1si lehet\u0151s\u00e9gek<br \/><b>Dokument\u00e1ci\u00f3 el\u0151k\u00e9sz\u00edt\u00e9se \u00e9s beny\u00fajt\u00e1sa<\/b>\u00a0&#8211; sz\u00fcks\u00e9ges iratok \u00f6ssze\u00e1ll\u00edt\u00e1sa \u00e9s \u00fcgyint\u00e9z\u00e9s a bankokkal<br \/><b>Kapcsolattart\u00e1s a p\u00e9nzint\u00e9zetekkel<\/b>\u00a0&#8211; g\u00f6rd\u00fcl\u00e9keny kommunik\u00e1ci\u00f3 \u00e9s gyors \u00fcgyint\u00e9z\u00e9s<br \/><b>Hitelb\u00edr\u00e1lati folyamat t\u00e1mogat\u00e1sa<\/b>\u00a0&#8211; a banki d\u00f6nt\u00e9shozatal el\u0151seg\u00edt\u00e9se a sikeres j\u00f3v\u00e1hagy\u00e1s \u00e9rdek\u00e9ben<br \/><b>Foly\u00f3s\u00edt\u00e1si folyamat koordin\u00e1l\u00e1sa<\/b>\u00a0&#8211; a hitel min\u00e9l el\u0151bb rendelkez\u00e9sre \u00e1lljon v\u00e1llalkoz\u00e1sa sz\u00e1m\u00e1ra<\/p><\/div><\/div><\/div><\/section>\t\t\t\t\t\t\t\t<\/div>\n\t\t\t\t<\/div>\n\t\t\t\t\t<\/div>\n\t\t\t\t<\/div>\n\t\t<div class=\"elementor-element elementor-element-def1201 e-flex e-con-boxed e-con e-parent\" data-id=\"def1201\" data-element_type=\"container\">\n\t\t\t\t\t<div class=\"e-con-inner\">\n\t\t\t\t<div class=\"elementor-element elementor-element-5337574 elementor-widget elementor-widget-spacer\" data-id=\"5337574\" data-element_type=\"widget\" data-widget_type=\"spacer.default\">\n\t\t\t\t\t\t\t<div class=\"elementor-spacer\">\n\t\t\t<div class=\"elementor-spacer-inner\"><\/div>\n\t\t<\/div>\n\t\t\t\t\t\t<\/div>\n\t\t\t\t<div class=\"elementor-element elementor-element-2016535 elementor-widget elementor-widget-heading\" data-id=\"2016535\" data-element_type=\"widget\" data-widget_type=\"heading.default\">\n\t\t\t\t\t<h2 class=\"elementor-heading-title elementor-size-default\">C\u00e9g\u00fcnk \u00e1ltal ny\u00fajtott szolg\u00e1ltat\u00e1sok<\/h2>\t\t\t\t<\/div>\n\t\t\t\t<div class=\"elementor-element elementor-element-acf257b elementor-widget-divider--view-line elementor-widget elementor-widget-divider\" data-id=\"acf257b\" data-element_type=\"widget\" data-widget_type=\"divider.default\">\n\t\t\t\t\t\t\t<div class=\"elementor-divider\">\n\t\t\t<span class=\"elementor-divider-separator\">\n\t\t\t\t\t\t<\/span>\n\t\t<\/div>\n\t\t\t\t\t\t<\/div>\n\t\t\t\t\t<\/div>\n\t\t\t\t<\/div>\n\t\t<div class=\"elementor-element elementor-element-130c1cd e-flex e-con-boxed e-con e-parent\" data-id=\"130c1cd\" data-element_type=\"container\">\n\t\t\t\t\t<div class=\"e-con-inner\">\n\t\t<div class=\"elementor-element elementor-element-845574a e-con-full e-flex e-con e-child\" data-id=\"845574a\" data-element_type=\"container\">\n\t\t\t\t<div class=\"elementor-element elementor-element-f78a92e elementor-widget elementor-widget-image\" data-id=\"f78a92e\" data-element_type=\"widget\" data-widget_type=\"image.default\">\n\t\t\t\t\t\t\t\t\t\t\t\t\t\t\t<img decoding=\"async\" src=\"https:\/\/isuccess.niarztest.com\/wp-content\/uploads\/elementor\/thumbs\/konyveles-rhp1pv94g81rpl1v4yjylnzle15furuknpqg29zlx8.png\" title=\"konyveles\" alt=\"konyveles\" class=\"elementor-animation-grow\" loading=\"lazy\" \/>\t\t\t\t\t\t\t\t\t\t\t\t\t\t\t<\/div>\n\t\t\t\t<\/div>\n\t\t<div class=\"elementor-element elementor-element-c5c3239 e-con-full e-flex e-con e-child\" data-id=\"c5c3239\" data-element_type=\"container\">\n\t\t\t\t<div class=\"elementor-element elementor-element-49ba793 elementor-widget elementor-widget-image\" data-id=\"49ba793\" data-element_type=\"widget\" data-widget_type=\"image.default\">\n\t\t\t\t\t\t\t\t\t\t\t\t\t\t\t<img decoding=\"async\" src=\"https:\/\/isuccess.niarztest.com\/wp-content\/uploads\/elementor\/thumbs\/adotanacsadas-rhp1ppm3b7u1rxa21w476pettpx8kl86mxtj6m7yyk.png\" title=\"adotanacsadas\" alt=\"adotanacsadas\" class=\"elementor-animation-grow\" loading=\"lazy\" \/>\t\t\t\t\t\t\t\t\t\t\t\t\t\t\t<\/div>\n\t\t\t\t<\/div>\n\t\t<div class=\"elementor-element elementor-element-6d8fa95 e-con-full e-flex e-con e-child\" data-id=\"6d8fa95\" data-element_type=\"container\">\n\t\t\t\t<div class=\"elementor-element elementor-element-974012a elementor-widget elementor-widget-image\" data-id=\"974012a\" data-element_type=\"widget\" data-widget_type=\"image.default\">\n\t\t\t\t\t\t\t\t\t\t\t\t\t\t\t<img decoding=\"async\" src=\"https:\/\/isuccess.niarztest.com\/wp-content\/uploads\/elementor\/thumbs\/cegatvilagitas-rhp1ptdg2jz72d4lfxqpgogo79epfdn3zgfh3q2e9o.png\" title=\"cegatvilagitas\" alt=\"cegatvilagitas\" class=\"elementor-animation-grow\" loading=\"lazy\" \/>\t\t\t\t\t\t\t\t\t\t\t\t\t\t\t<\/div>\n\t\t\t\t<\/div>\n\t\t<div class=\"elementor-element elementor-element-e693126 e-con-full e-flex e-con e-child\" data-id=\"e693126\" data-element_type=\"container\">\n\t\t\t\t<div class=\"elementor-element elementor-element-e81874f elementor-widget elementor-widget-image\" data-id=\"e81874f\" data-element_type=\"widget\" data-widget_type=\"image.default\">\n\t\t\t\t\t\t\t\t\t\t\t\t\t\t\t<img decoding=\"async\" src=\"https:\/\/isuccess.niarztest.com\/wp-content\/uploads\/elementor\/thumbs\/uzletviteli_tanacsadas-rhp1qjoxdwz83g2d6949ehtku1szewjlf2p2jgzdfg.png\" title=\"uzletviteli_tanacsadas\" alt=\"uzletviteli_tanacsadas\" class=\"elementor-animation-grow\" loading=\"lazy\" \/>\t\t\t\t\t\t\t\t\t\t\t\t\t\t\t<\/div>\n\t\t\t\t<\/div>\n\t\t<div class=\"elementor-element elementor-element-1eac054 e-con-full e-flex e-con e-child\" data-id=\"1eac054\" data-element_type=\"container\">\n\t\t\t\t<div class=\"elementor-element elementor-element-85451ae elementor-widget elementor-widget-image\" data-id=\"85451ae\" data-element_type=\"widget\" data-widget_type=\"image.default\">\n\t\t\t\t\t\t\t\t\t\t\t\t\t\t\t<img decoding=\"async\" src=\"https:\/\/isuccess.niarztest.com\/wp-content\/uploads\/elementor\/thumbs\/berszamfejtes-rhp1psflvpxwqr5ylfc2w6p7lvjc7ojdnbrzmg3sfw.png\" title=\"berszamfejtes\" alt=\"berszamfejtes\" class=\"elementor-animation-grow\" loading=\"lazy\" \/>\t\t\t\t\t\t\t\t\t\t\t\t\t\t\t<\/div>\n\t\t\t\t<div class=\"elementor-element elementor-element-1010a55 elementor-hidden-mobile elementor-widget elementor-widget-spacer\" data-id=\"1010a55\" data-element_type=\"widget\" data-widget_type=\"spacer.default\">\n\t\t\t\t\t\t\t<div class=\"elementor-spacer\">\n\t\t\t<div class=\"elementor-spacer-inner\"><\/div>\n\t\t<\/div>\n\t\t\t\t\t\t<\/div>\n\t\t\t\t<\/div>\n\t\t<div class=\"elementor-element elementor-element-b8387c6 e-con-full e-flex e-con e-child\" data-id=\"b8387c6\" data-element_type=\"container\">\n\t\t\t\t<div class=\"elementor-element elementor-element-b12650a elementor-widget elementor-widget-image\" data-id=\"b12650a\" data-element_type=\"widget\" data-widget_type=\"image.default\">\n\t\t\t\t\t\t\t\t\t\t\t\t\t\t\t<img decoding=\"async\" src=\"https:\/\/isuccess.niarztest.com\/wp-content\/uploads\/elementor\/thumbs\/hitelugyintezes-rhp1puba9e0hdz38ag5c1684sna2n2qubl2yl0103g.png\" title=\"hitelugyintezes\" alt=\"hitelugyintezes\" class=\"elementor-animation-grow\" loading=\"lazy\" \/>\t\t\t\t\t\t\t\t\t\t\t\t\t\t\t<\/div>\n\t\t\t\t<\/div>\n\t\t\t\t\t<\/div>\n\t\t\t\t<\/div>\n\t\t<div class=\"elementor-element elementor-element-765b12f e-flex e-con-boxed e-con e-parent\" data-id=\"765b12f\" data-element_type=\"container\">\n\t\t\t\t\t<div class=\"e-con-inner\">\n\t\t\t\t<div class=\"elementor-element elementor-element-2110449 elementor-widget elementor-widget-spacer\" data-id=\"2110449\" data-element_type=\"widget\" data-widget_type=\"spacer.default\">\n\t\t\t\t\t\t\t<div class=\"elementor-spacer\">\n\t\t\t<div class=\"elementor-spacer-inner\"><\/div>\n\t\t<\/div>\n\t\t\t\t\t\t<\/div>\n\t\t\t\t<div class=\"elementor-element elementor-element-c041e72 elementor-widget elementor-widget-heading\" data-id=\"c041e72\" data-element_type=\"widget\" data-widget_type=\"heading.default\">\n\t\t\t\t\t<h2 class=\"elementor-heading-title elementor-size-default\">Az elismer\u00e9seink\na Te Sikereiddel\nkezd\u0151dnek<\/h2>\t\t\t\t<\/div>\n\t\t\t\t<div class=\"elementor-element elementor-element-f7569e2 elementor-widget-divider--view-line elementor-widget elementor-widget-divider\" data-id=\"f7569e2\" data-element_type=\"widget\" data-widget_type=\"divider.default\">\n\t\t\t\t\t\t\t<div class=\"elementor-divider\">\n\t\t\t<span class=\"elementor-divider-separator\">\n\t\t\t\t\t\t<\/span>\n\t\t<\/div>\n\t\t\t\t\t\t<\/div>\n\t\t\t\t\t<\/div>\n\t\t\t\t<\/div>\n\t\t<div class=\"elementor-element elementor-element-f7cbcad e-flex e-con-boxed e-con e-parent\" data-id=\"f7cbcad\" data-element_type=\"container\">\n\t\t\t\t\t<div class=\"e-con-inner\">\n\t\t\t\t<div class=\"elementor-element elementor-element-ba7bc1e elementor-widget elementor-widget-text-editor\" data-id=\"ba7bc1e\" data-element_type=\"widget\" data-widget_type=\"text-editor.default\">\n\t\t\t\t\t\t\t\t\t<ul class=\"demo\"><li style=\"list-style-type: none;\"><ul class=\"demo\"><li>Proakt\u00edvan m\u0171k\u00f6d\u00fcnk. Menedzsment szeml\u00e9let\u00fcnknek k\u00f6sz\u00f6nhet\u0151en c\u00e9ge \u00f6sszes folyamat\u00e1t figyelembe v\u00e9ve javaslunk p\u00e9nz\u00fcgyi megold\u00e1sokat.<\/li><\/ul><\/li><\/ul><p>\u00a0<\/p><ul class=\"demo\"><li style=\"list-style-type: none;\"><ul class=\"demo\"><li>Bizalom \u00e9s megb\u00edzhat\u00f3s\u00e1g! Csakis olyan megold\u00e1sokat javaslunk, ami kock\u00e1zatmentes, \u00e9s ami egy ad\u00f3ellen\u0151rz\u00e9sen is meg\u00e1llja a hely\u00e9t.<\/li><\/ul><\/li><\/ul><p>\u00a0<\/p><ul class=\"demo\"><li style=\"list-style-type: none;\"><ul class=\"demo\"><li>Garancia. Szakmai felel\u0151ss\u00e9gbiztos\u00edt\u00e1sunk van. Ha hib\u00e1zunk, beismerj\u00fck, nem t\u0171n\u00fcnk el, helyrehozzuk \u00e9s kiegyenl\u00edtj\u00fck, mert a legfontosabb a tisztess\u00e9g \u00e9s a bizalom<\/li><\/ul><\/li><\/ul><p>\u00a0<\/p><ul class=\"demo\"><li style=\"list-style-type: none;\"><ul class=\"demo\"><li>Szak\u00e9rtelem \u00e9s min\u0151s\u00e9g. Legyen sz\u00f3 ak\u00e1r k\u00f6nyvel\u00e9sr\u0151l, b\u00e9rsz\u00e1mfejt\u00e9sr\u0151l, vagy ad\u00f3tan\u00e1csad\u00e1sr\u00f3l munkat\u00e1rsaink szakmailag maxim\u00e1lisan felk\u00e9sz\u00fcltek \u00e9s \u00fcgyf\u00e9lk\u00f6zpont\u00fa gondolkod\u00e1s\u00faak.<\/li><\/ul><\/li><li style=\"list-style-type: none;\">\u00a0<ul class=\"demo\"><li>Professzion\u00e1lis k\u00f6rnyezetben v\u00e1rjuk \u00fcgyfeleinket, de ha sz\u00fcks\u00e9ges online is tudunk egy\u00fcttm\u0171k\u00f6dni<\/li><\/ul><\/li><\/ul>\t\t\t\t\t\t\t\t<\/div>\n\t\t\t\t\t<\/div>\n\t\t\t\t<\/div>\n\t\t\t\t<\/div>\n\t\t","protected":false},"excerpt":{"rendered":"<p>Hitel\u00fcgyint\u00e9z\u00e9s Hitel\u00fcgyint\u00e9z\u00e9s v\u00e1llalkoz\u00e1soknak \u2013 gyorsan, g\u00f6rd\u00fcl\u00e9kenyen. \u00a0 V\u00e1llalkoz\u00e1sa sz\u00e1m\u00e1ra teljes k\u00f6r\u0171 hitel\u00fcgyint\u00e9z\u00e9st biztos\u00edtunk, hogy \u00d6n a legjobb finansz\u00edroz\u00e1si megold\u00e1st tal\u00e1lja meg an\u00e9lk\u00fcl, hogy felesleges id\u0151t \u00e9s energi\u00e1t pazarolna a banki \u00fcgyint\u00e9z\u00e9sre. Szak\u00e9rt\u0151 csapatunk az ig\u00e9nyl\u00e9s els\u0151 l\u00e9p\u00e9s\u00e9t\u0151l kezdve az elb\u00edr\u00e1l\u00e1son \u00e1t eg\u00e9szen a hitel foly\u00f3s\u00edt\u00e1s\u00e1ig v\u00e9gigk\u00eds\u00e9ri \u00e9s koordin\u00e1lja a teljes folyamatot. Szolg\u00e1ltat\u00e1saink magukba foglalj\u00e1k: A&hellip; <a class=\"more-link\" href=\"https:\/\/isuccess.niarztest.com\/index.php\/hitelugyintezes\/\"><span class=\"screen-reader-text\">Hitel\u00fcgyint\u00e9z\u00e9s<\/span> olvas\u00e1s\u00e1nak folytat\u00e1sa<\/a><\/p>\n","protected":false},"author":1,"featured_media":0,"parent":0,"menu_order":0,"comment_status":"closed","ping_status":"closed","template":"elementor_canvas","meta":{"footnotes":""},"class_list":["post-144","page","type-page","status-publish","hentry","entry"],"_links":{"self":[{"href":"https:\/\/isuccess.niarztest.com\/index.php\/wp-json\/wp\/v2\/pages\/144","targetHints":{"allow":["GET"]}}],"collection":[{"href":"https:\/\/isuccess.niarztest.com\/index.php\/wp-json\/wp\/v2\/pages"}],"about":[{"href":"https:\/\/isuccess.niarztest.com\/index.php\/wp-json\/wp\/v2\/types\/page"}],"author":[{"embeddable":true,"href":"https:\/\/isuccess.niarztest.com\/index.php\/wp-json\/wp\/v2\/users\/1"}],"replies":[{"embeddable":true,"href":"https:\/\/isuccess.niarztest.com\/index.php\/wp-json\/wp\/v2\/comments?post=144"}],"version-history":[{"count":67,"href":"https:\/\/isuccess.niarztest.com\/index.php\/wp-json\/wp\/v2\/pages\/144\/revisions"}],"predecessor-version":[{"id":609,"href":"https:\/\/isuccess.niarztest.com\/index.php\/wp-json\/wp\/v2\/pages\/144\/revisions\/609"}],"wp:attachment":[{"href":"https:\/\/isuccess.niarztest.com\/index.php\/wp-json\/wp\/v2\/media?parent=144"}],"curies":[{"name":"wp","href":"https:\/\/api.w.org\/{rel}","templated":true}]}}