{"id":131,"date":"2026-01-26T14:35:00","date_gmt":"2026-01-26T14:35:00","guid":{"rendered":"https:\/\/isuccess.niarztest.com\/?page_id=131"},"modified":"2026-03-10T05:49:51","modified_gmt":"2026-03-10T05:49:51","slug":"uzletviteli_tanacsadas","status":"publish","type":"page","link":"https:\/\/isuccess.niarztest.com\/index.php\/uzletviteli_tanacsadas\/","title":{"rendered":"\u00dczletviteli tan\u00e1csad\u00e1s"},"content":{"rendered":"\t\t<div data-elementor-type=\"wp-page\" data-elementor-id=\"131\" class=\"elementor elementor-131\" data-elementor-post-type=\"page\">\n\t\t\t\t<div class=\"elementor-element elementor-element-4c0078b e-flex e-con-boxed e-con e-parent\" data-id=\"4c0078b\" data-element_type=\"container\" data-settings=\"{&quot;background_background&quot;:&quot;classic&quot;}\">\n\t\t\t\t\t<div class=\"e-con-inner\">\n\t\t\t\t<div class=\"elementor-element elementor-element-df309d2 elementor-widget elementor-widget-spacer\" data-id=\"df309d2\" data-element_type=\"widget\" data-widget_type=\"spacer.default\">\n\t\t\t\t\t\t\t<div class=\"elementor-spacer\">\n\t\t\t<div class=\"elementor-spacer-inner\"><\/div>\n\t\t<\/div>\n\t\t\t\t\t\t<\/div>\n\t\t\t\t<div class=\"elementor-element elementor-element-756f33b elementor-widget elementor-widget-heading\" data-id=\"756f33b\" data-element_type=\"widget\" data-widget_type=\"heading.default\">\n\t\t\t\t\t<h2 class=\"elementor-heading-title elementor-size-default\">\u00dczletviteli tan\u00e1csad\u00e1s<\/h2>\t\t\t\t<\/div>\n\t\t\t\t<div class=\"elementor-element elementor-element-2839282 elementor-widget elementor-widget-spacer\" data-id=\"2839282\" data-element_type=\"widget\" data-widget_type=\"spacer.default\">\n\t\t\t\t\t\t\t<div class=\"elementor-spacer\">\n\t\t\t<div class=\"elementor-spacer-inner\"><\/div>\n\t\t<\/div>\n\t\t\t\t\t\t<\/div>\n\t\t\t\t\t<\/div>\n\t\t\t\t<\/div>\n\t\t<div class=\"elementor-element elementor-element-713e917 e-flex e-con-boxed e-con e-parent\" data-id=\"713e917\" data-element_type=\"container\">\n\t\t\t\t\t<div class=\"e-con-inner\">\n\t\t\t\t<div class=\"elementor-element elementor-element-6aae1f1 elementor-widget elementor-widget-spacer\" data-id=\"6aae1f1\" data-element_type=\"widget\" data-widget_type=\"spacer.default\">\n\t\t\t\t\t\t\t<div class=\"elementor-spacer\">\n\t\t\t<div class=\"elementor-spacer-inner\"><\/div>\n\t\t<\/div>\n\t\t\t\t\t\t<\/div>\n\t\t\t\t\t<\/div>\n\t\t\t\t<\/div>\n\t\t<div class=\"elementor-element elementor-element-b72a9cb e-flex e-con-boxed e-con e-parent\" data-id=\"b72a9cb\" data-element_type=\"container\">\n\t\t\t\t\t<div class=\"e-con-inner\">\n\t\t<div class=\"elementor-element elementor-element-2c895f0 e-con-full e-flex e-con e-child\" data-id=\"2c895f0\" data-element_type=\"container\">\n\t\t\t\t<div class=\"elementor-element elementor-element-600b019 elementor-widget elementor-widget-heading\" data-id=\"600b019\" data-element_type=\"widget\" data-widget_type=\"heading.default\">\n\t\t\t\t\t<h2 class=\"elementor-heading-title elementor-size-default\">\u00dczletviteli tan\u00e1csad\u00e1s \u2013<\/h2>\t\t\t\t<\/div>\n\t\t\t\t<div class=\"elementor-element elementor-element-d9939b3 elementor-widget elementor-widget-heading\" data-id=\"d9939b3\" data-element_type=\"widget\" data-widget_type=\"heading.default\">\n\t\t\t\t\t<h2 class=\"elementor-heading-title elementor-size-default\">Szem\u00e9lyre szabott megold\u00e1sok v\u00e1llalkoz\u00e1soknak.<\/h2>\t\t\t\t<\/div>\n\t\t\t\t<\/div>\n\t\t<div class=\"elementor-element elementor-element-2200c93 e-con-full e-flex e-con e-child\" data-id=\"2200c93\" data-element_type=\"container\">\n\t\t\t\t<\/div>\n\t\t\t\t\t<\/div>\n\t\t\t\t<\/div>\n\t\t<div class=\"elementor-element elementor-element-475e9f6 e-flex e-con-boxed e-con e-parent\" data-id=\"475e9f6\" data-element_type=\"container\" data-settings=\"{&quot;background_background&quot;:&quot;classic&quot;}\">\n\t\t\t\t\t<div class=\"e-con-inner\">\n\t\t<div class=\"elementor-element elementor-element-b55e5e9 e-con-full e-flex e-con e-child\" data-id=\"b55e5e9\" data-element_type=\"container\">\n\t\t\t\t<div class=\"elementor-element elementor-element-e8a6017 elementor-widget elementor-widget-text-editor\" data-id=\"e8a6017\" data-element_type=\"widget\" data-widget_type=\"text-editor.default\">\n\t\t\t\t\t\t\t\t\t<div class=\"cube-classic cube-classic-2\">C\u00e9g\u00fcnk \u00e1tfog\u00f3 \u00fczletviteli tan\u00e1csad\u00e1st ny\u00fajt v\u00e1llalkoz\u00e1sok \u00e9s egy\u00e9b szervezetek sz\u00e1m\u00e1ra, seg\u00edtve \u0151ket a hat\u00e9konyabb m\u0171k\u00f6d\u00e9sben, a strat\u00e9giai d\u00f6nt\u00e9sek meghozatal\u00e1ban \u00e9s a fenntarthat\u00f3 n\u00f6veked\u00e9s el\u00e9r\u00e9s\u00e9ben. Legyen sz\u00f3 indul\u00f3 v\u00e1llalkoz\u00e1sr\u00f3l vagy m\u00e1r m\u0171k\u00f6d\u0151 c\u00e9gr\u0151l, szem\u00e9lyre szabott megold\u00e1sainkkal t\u00e1mogatjuk a fejl\u0151d\u00e9st \u00e9s a hossz\u00fa t\u00e1v\u00fa sikert.<\/div>\t\t\t\t\t\t\t\t<\/div>\n\t\t\t\t<\/div>\n\t\t<div class=\"elementor-element elementor-element-c2e0f18 e-con-full e-flex e-con e-child\" data-id=\"c2e0f18\" data-element_type=\"container\">\n\t\t\t\t<div class=\"elementor-element elementor-element-ea0746f elementor-widget elementor-widget-image\" data-id=\"ea0746f\" data-element_type=\"widget\" data-widget_type=\"image.default\">\n\t\t\t\t\t\t\t\t\t\t\t\t\t\t\t<img decoding=\"async\" src=\"https:\/\/isuccess.niarztest.com\/wp-content\/uploads\/elementor\/thumbs\/uzletviteli_tanacsadas-rhp1qjoxdwz83g2d6949ehtku1szewjlf2p2jgzdfg.png\" title=\"uzletviteli_tanacsadas\" alt=\"uzletviteli_tanacsadas\" loading=\"lazy\" \/>\t\t\t\t\t\t\t\t\t\t\t\t\t\t\t<\/div>\n\t\t\t\t<\/div>\n\t\t\t\t\t<\/div>\n\t\t\t\t<\/div>\n\t\t<div class=\"elementor-element elementor-element-bc9f208 e-flex e-con-boxed e-con e-parent\" data-id=\"bc9f208\" data-element_type=\"container\">\n\t\t\t\t\t<div class=\"e-con-inner\">\n\t\t<div class=\"elementor-element elementor-element-17bd5e9 e-con-full e-flex e-con e-child\" data-id=\"17bd5e9\" data-element_type=\"container\">\n\t\t\t\t<\/div>\n\t\t<div class=\"elementor-element elementor-element-da6e601 e-con-full e-flex e-con e-child\" data-id=\"da6e601\" data-element_type=\"container\">\n\t\t\t\t<div class=\"elementor-element elementor-element-f603394 elementor-widget elementor-widget-heading\" data-id=\"f603394\" data-element_type=\"widget\" data-widget_type=\"heading.default\">\n\t\t\t\t\t<h2 class=\"elementor-heading-title elementor-size-default\">Szolg\u00e1ltat\u00e1saink<\/h2>\t\t\t\t<\/div>\n\t\t\t\t<div class=\"elementor-element elementor-element-aa7236e elementor-widget elementor-widget-heading\" data-id=\"aa7236e\" data-element_type=\"widget\" data-widget_type=\"heading.default\">\n\t\t\t\t\t<h2 class=\"elementor-heading-title elementor-size-default\">k\u00f6z\u00e9 tartozik:<\/h2>\t\t\t\t<\/div>\n\t\t\t\t<\/div>\n\t\t\t\t\t<\/div>\n\t\t\t\t<\/div>\n\t\t<div class=\"elementor-element elementor-element-ea39c62 e-flex e-con-boxed e-con e-parent\" data-id=\"ea39c62\" data-element_type=\"container\" data-settings=\"{&quot;background_background&quot;:&quot;classic&quot;}\">\n\t\t\t\t\t<div class=\"e-con-inner\">\n\t\t<div class=\"elementor-element elementor-element-38c25eb e-con-full e-flex e-con e-child\" data-id=\"38c25eb\" data-element_type=\"container\">\n\t\t\t\t<div class=\"elementor-element elementor-element-ad6ff57 elementor-widget elementor-widget-image\" data-id=\"ad6ff57\" data-element_type=\"widget\" data-widget_type=\"image.default\">\n\t\t\t\t\t\t\t\t\t\t\t\t\t\t\t<img decoding=\"async\" src=\"https:\/\/isuccess.niarztest.com\/wp-content\/uploads\/elementor\/thumbs\/uzletviteli_tanacsadas-rhp1qjoxdwz83g2d6949ehtku1szewjlf2p2jgzdfg.png\" title=\"uzletviteli_tanacsadas\" alt=\"uzletviteli_tanacsadas\" loading=\"lazy\" \/>\t\t\t\t\t\t\t\t\t\t\t\t\t\t\t<\/div>\n\t\t\t\t<\/div>\n\t\t<div class=\"elementor-element elementor-element-bf50d0f e-con-full e-flex e-con e-child\" data-id=\"bf50d0f\" data-element_type=\"container\">\n\t\t\t\t<div class=\"elementor-element elementor-element-247b57f elementor-widget elementor-widget-text-editor\" data-id=\"247b57f\" data-element_type=\"widget\" data-widget_type=\"text-editor.default\">\n\t\t\t\t\t\t\t\t\t<p class=\"wow fadeInRight\"><b>V\u00e1llalati strat\u00e9gia kialak\u00edt\u00e1sa<\/b>\u00a0&#8211; \u00fczleti c\u00e9lok meghat\u00e1roz\u00e1sa, piaci lehet\u0151s\u00e9gek felt\u00e9rk\u00e9pez\u00e9se<br \/><b>Szervezeti tervez\u00e9s \u00e9s m\u0171k\u00f6d\u00e9soptimaliz\u00e1l\u00e1s<\/b> &#8211; hat\u00e9konyabb strukt\u00fara kialak\u00edt\u00e1sa, bels\u0151 folyamatok fejleszt\u00e9se<br \/><b>P\u00e9nz\u00fcgyi \u00e9s k\u00f6lts\u00e9ghat\u00e9konys\u00e1gi tan\u00e1csad\u00e1s<\/b> &#8211; naprak\u00e9sz inform\u00e1ci\u00f3k \u00e9s jogi megfelel\u0151s\u00e9g biztos\u00edt\u00e1sa\u00a0<\/p><p class=\"wow fadeInRight\"><b>Jogszab\u00e1lyi \u00e9s gazdas\u00e1gi k\u00f6rnyezethez val\u00f3 alkalmazkod\u00e1s<\/b><span style=\"font-weight: 400;\"> \u2013 naprak\u00e9sz inform\u00e1ci\u00f3k \u00e9s jogi megfelel\u0151s\u00e9g biztos\u00edt\u00e1sa<\/span><br \/><b>Vezet\u0151i d\u00f6nt\u00e9st\u00e1mogat\u00e1s<\/b>\u00a0&#8211; objekt\u00edv elemz\u00e9sek \u00e9s szak\u00e9rt\u0151i \u00fatmutat\u00e1s a c\u00e9g sikeres ir\u00e1ny\u00edt\u00e1s\u00e1hoz<\/p>\t\t\t\t\t\t\t\t<\/div>\n\t\t\t\t<\/div>\n\t\t\t\t\t<\/div>\n\t\t\t\t<\/div>\n\t\t<div class=\"elementor-element elementor-element-def1201 e-flex e-con-boxed e-con e-parent\" data-id=\"def1201\" data-element_type=\"container\">\n\t\t\t\t\t<div class=\"e-con-inner\">\n\t\t\t\t<div class=\"elementor-element elementor-element-5337574 elementor-widget elementor-widget-spacer\" data-id=\"5337574\" data-element_type=\"widget\" data-widget_type=\"spacer.default\">\n\t\t\t\t\t\t\t<div class=\"elementor-spacer\">\n\t\t\t<div class=\"elementor-spacer-inner\"><\/div>\n\t\t<\/div>\n\t\t\t\t\t\t<\/div>\n\t\t\t\t<div class=\"elementor-element elementor-element-2016535 elementor-widget elementor-widget-heading\" data-id=\"2016535\" data-element_type=\"widget\" data-widget_type=\"heading.default\">\n\t\t\t\t\t<h2 class=\"elementor-heading-title elementor-size-default\">C\u00e9g\u00fcnk \u00e1ltal ny\u00fajtott szolg\u00e1ltat\u00e1sok<\/h2>\t\t\t\t<\/div>\n\t\t\t\t<div class=\"elementor-element elementor-element-acf257b elementor-widget-divider--view-line elementor-widget elementor-widget-divider\" data-id=\"acf257b\" data-element_type=\"widget\" data-widget_type=\"divider.default\">\n\t\t\t\t\t\t\t<div class=\"elementor-divider\">\n\t\t\t<span class=\"elementor-divider-separator\">\n\t\t\t\t\t\t<\/span>\n\t\t<\/div>\n\t\t\t\t\t\t<\/div>\n\t\t\t\t\t<\/div>\n\t\t\t\t<\/div>\n\t\t<div class=\"elementor-element elementor-element-875ee74 e-flex e-con-boxed e-con e-parent\" data-id=\"875ee74\" data-element_type=\"container\">\n\t\t\t\t\t<div class=\"e-con-inner\">\n\t\t<div class=\"elementor-element elementor-element-a279e06 e-con-full e-flex e-con e-child\" data-id=\"a279e06\" data-element_type=\"container\">\n\t\t\t\t<div class=\"elementor-element elementor-element-0540a42 elementor-widget elementor-widget-image\" data-id=\"0540a42\" data-element_type=\"widget\" data-widget_type=\"image.default\">\n\t\t\t\t\t\t\t\t\t\t\t\t\t\t\t<img decoding=\"async\" src=\"https:\/\/isuccess.niarztest.com\/wp-content\/uploads\/elementor\/thumbs\/konyveles-rhp1pv94g81rpl1v4yjylnzle15furuknpqg29zlx8.png\" title=\"konyveles\" alt=\"konyveles\" class=\"elementor-animation-grow\" loading=\"lazy\" \/>\t\t\t\t\t\t\t\t\t\t\t\t\t\t\t<\/div>\n\t\t\t\t<\/div>\n\t\t<div class=\"elementor-element elementor-element-c01b2bb e-con-full e-flex e-con e-child\" data-id=\"c01b2bb\" data-element_type=\"container\">\n\t\t\t\t<div class=\"elementor-element elementor-element-dedc86b elementor-widget elementor-widget-image\" data-id=\"dedc86b\" data-element_type=\"widget\" data-widget_type=\"image.default\">\n\t\t\t\t\t\t\t\t\t\t\t\t\t\t\t<img decoding=\"async\" src=\"https:\/\/isuccess.niarztest.com\/wp-content\/uploads\/elementor\/thumbs\/adotanacsadas-rhp1ppm3b7u1rxa21w476pettpx8kl86mxtj6m7yyk.png\" title=\"adotanacsadas\" alt=\"adotanacsadas\" class=\"elementor-animation-grow\" loading=\"lazy\" \/>\t\t\t\t\t\t\t\t\t\t\t\t\t\t\t<\/div>\n\t\t\t\t<\/div>\n\t\t<div class=\"elementor-element elementor-element-87944f3 e-con-full e-flex e-con e-child\" data-id=\"87944f3\" data-element_type=\"container\">\n\t\t\t\t<div class=\"elementor-element elementor-element-d3487a4 elementor-widget elementor-widget-image\" data-id=\"d3487a4\" data-element_type=\"widget\" data-widget_type=\"image.default\">\n\t\t\t\t\t\t\t\t\t\t\t\t\t\t\t<img decoding=\"async\" src=\"https:\/\/isuccess.niarztest.com\/wp-content\/uploads\/elementor\/thumbs\/cegatvilagitas-rhp1ptdg2jz72d4lfxqpgogo79epfdn3zgfh3q2e9o.png\" title=\"cegatvilagitas\" alt=\"cegatvilagitas\" class=\"elementor-animation-grow\" loading=\"lazy\" \/>\t\t\t\t\t\t\t\t\t\t\t\t\t\t\t<\/div>\n\t\t\t\t<\/div>\n\t\t<div class=\"elementor-element elementor-element-11f867a e-con-full e-flex e-con e-child\" data-id=\"11f867a\" data-element_type=\"container\">\n\t\t\t\t<div class=\"elementor-element elementor-element-85b5727 elementor-widget elementor-widget-image\" data-id=\"85b5727\" data-element_type=\"widget\" data-widget_type=\"image.default\">\n\t\t\t\t\t\t\t\t\t\t\t\t\t\t\t<img decoding=\"async\" src=\"https:\/\/isuccess.niarztest.com\/wp-content\/uploads\/elementor\/thumbs\/uzletviteli_tanacsadas-rhp1qjoxdwz83g2d6949ehtku1szewjlf2p2jgzdfg.png\" title=\"uzletviteli_tanacsadas\" alt=\"uzletviteli_tanacsadas\" class=\"elementor-animation-grow\" loading=\"lazy\" \/>\t\t\t\t\t\t\t\t\t\t\t\t\t\t\t<\/div>\n\t\t\t\t<\/div>\n\t\t<div class=\"elementor-element elementor-element-34abb87 e-con-full e-flex e-con e-child\" data-id=\"34abb87\" data-element_type=\"container\">\n\t\t\t\t<div class=\"elementor-element elementor-element-b3fae60 elementor-widget elementor-widget-image\" data-id=\"b3fae60\" data-element_type=\"widget\" data-widget_type=\"image.default\">\n\t\t\t\t\t\t\t\t\t\t\t\t\t\t\t<img decoding=\"async\" src=\"https:\/\/isuccess.niarztest.com\/wp-content\/uploads\/elementor\/thumbs\/berszamfejtes-rhp1psflvpxwqr5ylfc2w6p7lvjc7ojdnbrzmg3sfw.png\" title=\"berszamfejtes\" alt=\"berszamfejtes\" class=\"elementor-animation-grow\" loading=\"lazy\" \/>\t\t\t\t\t\t\t\t\t\t\t\t\t\t\t<\/div>\n\t\t\t\t<div class=\"elementor-element elementor-element-486e0c6 elementor-hidden-mobile elementor-widget elementor-widget-spacer\" data-id=\"486e0c6\" data-element_type=\"widget\" data-widget_type=\"spacer.default\">\n\t\t\t\t\t\t\t<div class=\"elementor-spacer\">\n\t\t\t<div class=\"elementor-spacer-inner\"><\/div>\n\t\t<\/div>\n\t\t\t\t\t\t<\/div>\n\t\t\t\t<\/div>\n\t\t<div class=\"elementor-element elementor-element-4da3bd6 e-con-full e-flex e-con e-child\" data-id=\"4da3bd6\" data-element_type=\"container\">\n\t\t\t\t<div class=\"elementor-element elementor-element-3e98545 elementor-widget elementor-widget-image\" data-id=\"3e98545\" data-element_type=\"widget\" data-widget_type=\"image.default\">\n\t\t\t\t\t\t\t\t\t\t\t\t\t\t\t<img decoding=\"async\" src=\"https:\/\/isuccess.niarztest.com\/wp-content\/uploads\/elementor\/thumbs\/hitelugyintezes-rhp1puba9e0hdz38ag5c1684sna2n2qubl2yl0103g.png\" title=\"hitelugyintezes\" alt=\"hitelugyintezes\" class=\"elementor-animation-grow\" loading=\"lazy\" \/>\t\t\t\t\t\t\t\t\t\t\t\t\t\t\t<\/div>\n\t\t\t\t<\/div>\n\t\t\t\t\t<\/div>\n\t\t\t\t<\/div>\n\t\t<div class=\"elementor-element elementor-element-765b12f e-flex e-con-boxed e-con e-parent\" data-id=\"765b12f\" data-element_type=\"container\">\n\t\t\t\t\t<div class=\"e-con-inner\">\n\t\t\t\t<div class=\"elementor-element elementor-element-2110449 elementor-widget elementor-widget-spacer\" data-id=\"2110449\" data-element_type=\"widget\" data-widget_type=\"spacer.default\">\n\t\t\t\t\t\t\t<div class=\"elementor-spacer\">\n\t\t\t<div class=\"elementor-spacer-inner\"><\/div>\n\t\t<\/div>\n\t\t\t\t\t\t<\/div>\n\t\t\t\t<div class=\"elementor-element elementor-element-c041e72 elementor-widget elementor-widget-heading\" data-id=\"c041e72\" data-element_type=\"widget\" data-widget_type=\"heading.default\">\n\t\t\t\t\t<h2 class=\"elementor-heading-title elementor-size-default\">Az elismer\u00e9seink\na Te Sikereiddel\nkezd\u0151dnek<\/h2>\t\t\t\t<\/div>\n\t\t\t\t<div class=\"elementor-element elementor-element-f7569e2 elementor-widget-divider--view-line elementor-widget elementor-widget-divider\" data-id=\"f7569e2\" data-element_type=\"widget\" data-widget_type=\"divider.default\">\n\t\t\t\t\t\t\t<div class=\"elementor-divider\">\n\t\t\t<span class=\"elementor-divider-separator\">\n\t\t\t\t\t\t<\/span>\n\t\t<\/div>\n\t\t\t\t\t\t<\/div>\n\t\t\t\t\t<\/div>\n\t\t\t\t<\/div>\n\t\t<div class=\"elementor-element elementor-element-f7cbcad e-flex e-con-boxed e-con e-parent\" data-id=\"f7cbcad\" data-element_type=\"container\">\n\t\t\t\t\t<div class=\"e-con-inner\">\n\t\t\t\t<div class=\"elementor-element elementor-element-ba7bc1e elementor-widget elementor-widget-text-editor\" data-id=\"ba7bc1e\" data-element_type=\"widget\" data-widget_type=\"text-editor.default\">\n\t\t\t\t\t\t\t\t\t<ul class=\"demo\"><li style=\"list-style-type: none;\"><ul class=\"demo\"><li>Proakt\u00edvan m\u0171k\u00f6d\u00fcnk. Menedzsment szeml\u00e9let\u00fcnknek k\u00f6sz\u00f6nhet\u0151en c\u00e9ge \u00f6sszes folyamat\u00e1t figyelembe v\u00e9ve javaslunk p\u00e9nz\u00fcgyi megold\u00e1sokat.<\/li><\/ul><\/li><\/ul><p>\u00a0<\/p><ul class=\"demo\"><li style=\"list-style-type: none;\"><ul class=\"demo\"><li>Bizalom \u00e9s megb\u00edzhat\u00f3s\u00e1g! Csakis olyan megold\u00e1sokat javaslunk, ami kock\u00e1zatmentes, \u00e9s ami egy ad\u00f3ellen\u0151rz\u00e9sen is meg\u00e1llja a hely\u00e9t.<\/li><\/ul><\/li><\/ul><p>\u00a0<\/p><ul class=\"demo\"><li style=\"list-style-type: none;\"><ul class=\"demo\"><li>Garancia. Szakmai felel\u0151ss\u00e9gbiztos\u00edt\u00e1sunk van. Ha hib\u00e1zunk, beismerj\u00fck, nem t\u0171n\u00fcnk el, helyrehozzuk \u00e9s kiegyenl\u00edtj\u00fck, mert a legfontosabb a tisztess\u00e9g \u00e9s a bizalom<\/li><\/ul><\/li><\/ul><p>\u00a0<\/p><ul class=\"demo\"><li style=\"list-style-type: none;\"><ul class=\"demo\"><li>Szak\u00e9rtelem \u00e9s min\u0151s\u00e9g. Legyen sz\u00f3 ak\u00e1r k\u00f6nyvel\u00e9sr\u0151l, b\u00e9rsz\u00e1mfejt\u00e9sr\u0151l, vagy ad\u00f3tan\u00e1csad\u00e1sr\u00f3l munkat\u00e1rsaink szakmailag maxim\u00e1lisan felk\u00e9sz\u00fcltek \u00e9s \u00fcgyf\u00e9lk\u00f6zpont\u00fa gondolkod\u00e1s\u00faak.<\/li><\/ul><\/li><li style=\"list-style-type: none;\">\u00a0<ul class=\"demo\"><li>Professzion\u00e1lis k\u00f6rnyezetben v\u00e1rjuk \u00fcgyfeleinket, de ha sz\u00fcks\u00e9ges online is tudunk egy\u00fcttm\u0171k\u00f6dni<\/li><\/ul><\/li><\/ul>\t\t\t\t\t\t\t\t<\/div>\n\t\t\t\t\t<\/div>\n\t\t\t\t<\/div>\n\t\t\t\t<\/div>\n\t\t","protected":false},"excerpt":{"rendered":"<p>\u00dczletviteli tan\u00e1csad\u00e1s \u00dczletviteli tan\u00e1csad\u00e1s \u2013 Szem\u00e9lyre szabott megold\u00e1sok v\u00e1llalkoz\u00e1soknak. C\u00e9g\u00fcnk \u00e1tfog\u00f3 \u00fczletviteli tan\u00e1csad\u00e1st ny\u00fajt v\u00e1llalkoz\u00e1sok \u00e9s egy\u00e9b szervezetek sz\u00e1m\u00e1ra, seg\u00edtve \u0151ket a hat\u00e9konyabb m\u0171k\u00f6d\u00e9sben, a strat\u00e9giai d\u00f6nt\u00e9sek meghozatal\u00e1ban \u00e9s a fenntarthat\u00f3 n\u00f6veked\u00e9s el\u00e9r\u00e9s\u00e9ben. Legyen sz\u00f3 indul\u00f3 v\u00e1llalkoz\u00e1sr\u00f3l vagy m\u00e1r m\u0171k\u00f6d\u0151 c\u00e9gr\u0151l, szem\u00e9lyre szabott megold\u00e1sainkkal t\u00e1mogatjuk a fejl\u0151d\u00e9st \u00e9s a hossz\u00fa t\u00e1v\u00fa sikert. Szolg\u00e1ltat\u00e1saink k\u00f6z\u00e9 tartozik:&hellip; <a class=\"more-link\" href=\"https:\/\/isuccess.niarztest.com\/index.php\/uzletviteli_tanacsadas\/\"><span class=\"screen-reader-text\">\u00dczletviteli tan\u00e1csad\u00e1s<\/span> olvas\u00e1s\u00e1nak folytat\u00e1sa<\/a><\/p>\n","protected":false},"author":1,"featured_media":0,"parent":0,"menu_order":0,"comment_status":"closed","ping_status":"closed","template":"elementor_canvas","meta":{"footnotes":""},"class_list":["post-131","page","type-page","status-publish","hentry","entry"],"_links":{"self":[{"href":"https:\/\/isuccess.niarztest.com\/index.php\/wp-json\/wp\/v2\/pages\/131","targetHints":{"allow":["GET"]}}],"collection":[{"href":"https:\/\/isuccess.niarztest.com\/index.php\/wp-json\/wp\/v2\/pages"}],"about":[{"href":"https:\/\/isuccess.niarztest.com\/index.php\/wp-json\/wp\/v2\/types\/page"}],"author":[{"embeddable":true,"href":"https:\/\/isuccess.niarztest.com\/index.php\/wp-json\/wp\/v2\/users\/1"}],"replies":[{"embeddable":true,"href":"https:\/\/isuccess.niarztest.com\/index.php\/wp-json\/wp\/v2\/comments?post=131"}],"version-history":[{"count":22,"href":"https:\/\/isuccess.niarztest.com\/index.php\/wp-json\/wp\/v2\/pages\/131\/revisions"}],"predecessor-version":[{"id":732,"href":"https:\/\/isuccess.niarztest.com\/index.php\/wp-json\/wp\/v2\/pages\/131\/revisions\/732"}],"wp:attachment":[{"href":"https:\/\/isuccess.niarztest.com\/index.php\/wp-json\/wp\/v2\/media?parent=131"}],"curies":[{"name":"wp","href":"https:\/\/api.w.org\/{rel}","templated":true}]}}