{"id":126,"date":"2026-01-26T14:20:58","date_gmt":"2026-01-26T14:20:58","guid":{"rendered":"https:\/\/isuccess.niarztest.com\/?page_id=126"},"modified":"2026-02-03T11:36:05","modified_gmt":"2026-02-03T11:36:05","slug":"cegatvilagitas","status":"publish","type":"page","link":"https:\/\/isuccess.niarztest.com\/index.php\/cegatvilagitas\/","title":{"rendered":"C\u00e9g\u00e1tvil\u00e1g\u00edt\u00e1s"},"content":{"rendered":"\t\t<div data-elementor-type=\"wp-page\" data-elementor-id=\"126\" class=\"elementor elementor-126\" data-elementor-post-type=\"page\">\n\t\t\t\t<div class=\"elementor-element elementor-element-e663cf2 e-flex e-con-boxed e-con e-parent\" data-id=\"e663cf2\" data-element_type=\"container\" data-settings=\"{&quot;background_background&quot;:&quot;classic&quot;}\">\n\t\t\t\t\t<div class=\"e-con-inner\">\n\t\t\t\t<div class=\"elementor-element elementor-element-ad41b61 elementor-widget elementor-widget-spacer\" data-id=\"ad41b61\" data-element_type=\"widget\" data-widget_type=\"spacer.default\">\n\t\t\t\t\t\t\t<div class=\"elementor-spacer\">\n\t\t\t<div class=\"elementor-spacer-inner\"><\/div>\n\t\t<\/div>\n\t\t\t\t\t\t<\/div>\n\t\t\t\t<div class=\"elementor-element elementor-element-27a0014 elementor-widget elementor-widget-heading\" data-id=\"27a0014\" data-element_type=\"widget\" data-widget_type=\"heading.default\">\n\t\t\t\t\t<h2 class=\"elementor-heading-title elementor-size-default\">C\u00e9g\u00e1tvil\u00e1g\u00edt\u00e1s<\/h2>\t\t\t\t<\/div>\n\t\t\t\t<div class=\"elementor-element elementor-element-5670ea4 elementor-widget elementor-widget-spacer\" data-id=\"5670ea4\" data-element_type=\"widget\" data-widget_type=\"spacer.default\">\n\t\t\t\t\t\t\t<div class=\"elementor-spacer\">\n\t\t\t<div class=\"elementor-spacer-inner\"><\/div>\n\t\t<\/div>\n\t\t\t\t\t\t<\/div>\n\t\t\t\t\t<\/div>\n\t\t\t\t<\/div>\n\t\t<div class=\"elementor-element elementor-element-e285a21 e-flex e-con-boxed e-con e-parent\" data-id=\"e285a21\" data-element_type=\"container\">\n\t\t\t\t\t<div class=\"e-con-inner\">\n\t\t\t\t<div class=\"elementor-element elementor-element-577159a elementor-widget elementor-widget-spacer\" data-id=\"577159a\" data-element_type=\"widget\" data-widget_type=\"spacer.default\">\n\t\t\t\t\t\t\t<div class=\"elementor-spacer\">\n\t\t\t<div class=\"elementor-spacer-inner\"><\/div>\n\t\t<\/div>\n\t\t\t\t\t\t<\/div>\n\t\t\t\t\t<\/div>\n\t\t\t\t<\/div>\n\t\t<div class=\"elementor-element elementor-element-721b5ca e-flex e-con-boxed e-con e-parent\" data-id=\"721b5ca\" data-element_type=\"container\">\n\t\t\t\t\t<div class=\"e-con-inner\">\n\t\t<div class=\"elementor-element elementor-element-2d23fbc e-con-full e-flex e-con e-child\" data-id=\"2d23fbc\" data-element_type=\"container\">\n\t\t\t\t<div class=\"elementor-element elementor-element-d1688bd elementor-widget elementor-widget-heading\" data-id=\"d1688bd\" data-element_type=\"widget\" data-widget_type=\"heading.default\">\n\t\t\t\t\t<h2 class=\"elementor-heading-title elementor-size-default\">Kock\u00e1zatok felt\u00e1r\u00e1sa,<\/h2>\t\t\t\t<\/div>\n\t\t\t\t<div class=\"elementor-element elementor-element-c34b33a elementor-widget elementor-widget-heading\" data-id=\"c34b33a\" data-element_type=\"widget\" data-widget_type=\"heading.default\">\n\t\t\t\t\t<h2 class=\"elementor-heading-title elementor-size-default\">biztons\u00e1gos d\u00f6nt\u00e9sek.<\/h2>\t\t\t\t<\/div>\n\t\t\t\t<\/div>\n\t\t<div class=\"elementor-element elementor-element-c18b51e e-con-full e-flex e-con e-child\" data-id=\"c18b51e\" data-element_type=\"container\">\n\t\t\t\t<\/div>\n\t\t\t\t\t<\/div>\n\t\t\t\t<\/div>\n\t\t<div class=\"elementor-element elementor-element-475e9f6 e-flex e-con-boxed e-con e-parent\" data-id=\"475e9f6\" data-element_type=\"container\" data-settings=\"{&quot;background_background&quot;:&quot;classic&quot;}\">\n\t\t\t\t\t<div class=\"e-con-inner\">\n\t\t<div class=\"elementor-element elementor-element-b55e5e9 e-con-full e-flex e-con e-child\" data-id=\"b55e5e9\" data-element_type=\"container\">\n\t\t\t\t<div class=\"elementor-element elementor-element-e8a6017 elementor-widget elementor-widget-text-editor\" data-id=\"e8a6017\" data-element_type=\"widget\" data-widget_type=\"text-editor.default\">\n\t\t\t\t\t\t\t\t\t<div class=\"cube-classic cube-classic-2\">\u00a0A c\u00e9g\u00e1tvil\u00e1g\u00edt\u00e1s c\u00e9lja, hogy \u00e1tfog\u00f3 elemz\u00e9ssel felt\u00e1rjuk a v\u00e1llalkoz\u00e1s m\u0171k\u00f6d\u00e9s\u00e9ben rejl\u0151 kock\u00e1zatokat, \u00e9s javaslatokat tegy\u00fcnk azok kezel\u00e9s\u00e9re. Vizsg\u00e1latunk sor\u00e1n elemezz\u00fck a v\u00e1llalat\u00a0<b>piaci helyzet\u00e9t, menedzsmentj\u00e9t, p\u00e9nz\u00fcgyi \u00e9s sz\u00e1mviteli strukt\u00far\u00e1j\u00e1t, valamint jogi megfelel\u0151s\u00e9g\u00e9t,<\/b>\u00a0hogy megalapozott d\u00f6nt\u00e9sek sz\u00fclethessenek ak\u00e1r befektet\u00e9sr\u0151l, c\u00e9gv\u00e1s\u00e1rl\u00e1sr\u00f3l vagy \u00fczleti fejleszt\u00e9sr\u0151l van sz\u00f3.<\/div>\t\t\t\t\t\t\t\t<\/div>\n\t\t\t\t<\/div>\n\t\t<div class=\"elementor-element elementor-element-c2e0f18 e-con-full e-flex e-con e-child\" data-id=\"c2e0f18\" data-element_type=\"container\">\n\t\t\t\t<div class=\"elementor-element elementor-element-984c876 elementor-widget elementor-widget-image\" data-id=\"984c876\" data-element_type=\"widget\" data-widget_type=\"image.default\">\n\t\t\t\t\t\t\t\t\t\t\t\t\t\t\t<img decoding=\"async\" src=\"https:\/\/isuccess.niarztest.com\/wp-content\/uploads\/elementor\/thumbs\/cegatvilagitas-rhp1ptdg2jz72d4lfxqpgogo79epfdn3zgfh3q2e9o.png\" title=\"cegatvilagitas\" alt=\"cegatvilagitas\" loading=\"lazy\" \/>\t\t\t\t\t\t\t\t\t\t\t\t\t\t\t<\/div>\n\t\t\t\t<\/div>\n\t\t\t\t\t<\/div>\n\t\t\t\t<\/div>\n\t\t<div class=\"elementor-element elementor-element-465abbe e-flex e-con-boxed e-con e-parent\" data-id=\"465abbe\" data-element_type=\"container\">\n\t\t\t\t\t<div class=\"e-con-inner\">\n\t\t<div class=\"elementor-element elementor-element-d909dd0 e-con-full e-flex e-con e-child\" data-id=\"d909dd0\" data-element_type=\"container\">\n\t\t\t\t<\/div>\n\t\t<div class=\"elementor-element elementor-element-38d292d e-con-full e-flex e-con e-child\" data-id=\"38d292d\" data-element_type=\"container\">\n\t\t\t\t<div class=\"elementor-element elementor-element-2c42ef0 elementor-widget elementor-widget-heading\" data-id=\"2c42ef0\" data-element_type=\"widget\" data-widget_type=\"heading.default\">\n\t\t\t\t\t<h2 class=\"elementor-heading-title elementor-size-default\">C\u00e9g\u00e1tvil\u00e1g\u00edt\u00e1sunk<\/h2>\t\t\t\t<\/div>\n\t\t\t\t<div class=\"elementor-element elementor-element-6a3714b elementor-widget elementor-widget-heading\" data-id=\"6a3714b\" data-element_type=\"widget\" data-widget_type=\"heading.default\">\n\t\t\t\t\t<h2 class=\"elementor-heading-title elementor-size-default\">f\u0151bb ter\u00fcletei:<\/h2>\t\t\t\t<\/div>\n\t\t\t\t<\/div>\n\t\t\t\t\t<\/div>\n\t\t\t\t<\/div>\n\t\t<div class=\"elementor-element elementor-element-ea39c62 e-flex e-con-boxed e-con e-parent\" data-id=\"ea39c62\" data-element_type=\"container\" data-settings=\"{&quot;background_background&quot;:&quot;classic&quot;}\">\n\t\t\t\t\t<div class=\"e-con-inner\">\n\t\t<div class=\"elementor-element elementor-element-38c25eb e-con-full e-flex e-con e-child\" data-id=\"38c25eb\" data-element_type=\"container\">\n\t\t\t\t<div class=\"elementor-element elementor-element-fd91219 elementor-widget elementor-widget-image\" data-id=\"fd91219\" data-element_type=\"widget\" data-widget_type=\"image.default\">\n\t\t\t\t\t\t\t\t\t\t\t\t\t\t\t<img decoding=\"async\" src=\"https:\/\/isuccess.niarztest.com\/wp-content\/uploads\/elementor\/thumbs\/cegatvilagitas-rhp1ptdg2jz72d4lfxqpgogo79epfdn3zgfh3q2e9o.png\" title=\"cegatvilagitas\" alt=\"cegatvilagitas\" loading=\"lazy\" \/>\t\t\t\t\t\t\t\t\t\t\t\t\t\t\t<\/div>\n\t\t\t\t<\/div>\n\t\t<div class=\"elementor-element elementor-element-bf50d0f e-con-full e-flex e-con e-child\" data-id=\"bf50d0f\" data-element_type=\"container\">\n\t\t\t\t<div class=\"elementor-element elementor-element-247b57f elementor-widget elementor-widget-text-editor\" data-id=\"247b57f\" data-element_type=\"widget\" data-widget_type=\"text-editor.default\">\n\t\t\t\t\t\t\t\t\t<p class=\"wow fadeInRight\"><b>Piaci \u00e9s versenyk\u00f6rnyezet elemz\u00e9se<\/b>\u00a0&#8211; a v\u00e1llalkoz\u00e1s ipar\u00e1gi helyzete \u00e9s n\u00f6veked\u00e9si lehet\u0151s\u00e9gei<br \/><b>Menedzsment \u00e9s m\u0171k\u00f6d\u00e9si strukt\u00fara vizsg\u00e1lata<\/b>\u00a0&#8211; bels\u0151 folyamatok, hat\u00e9konys\u00e1g, d\u00f6nt\u00e9shozatali mechanizmusok<br \/><b>P\u00e9nz\u00fcgyi \u00e9s sz\u00e1mviteli \u00e1tvil\u00e1g\u00edt\u00e1s<\/b>\u00a0&#8211; bev\u00e9telek, k\u00f6lts\u00e9gek, likvidit\u00e1s, ad\u00f3z\u00e1si kock\u00e1zatok felt\u00e9rk\u00e9pez\u00e9se<br \/><b>Jogi \u00e9s szerz\u0151d\u00e9ses kock\u00e1zatok vizsg\u00e1lata<\/b>\u00a0&#8211; jogszab\u00e1lyi megfelel\u00e9s, szerz\u0151d\u00e9sek \u00e1ttekint\u00e9se, potenci\u00e1lis jogi probl\u00e9m\u00e1k felt\u00e1r\u00e1sa<br \/><br \/>C\u00e9lunk, hogy \u00fcgyfeleink tiszta k\u00e9pet kapjanak v\u00e1llalkoz\u00e1suk vagy egy leend\u0151 \u00fczleti partner p\u00e9nz\u00fcgyi \u00e9s jogi helyzet\u00e9r\u0151l, \u00edgy biztons\u00e1gos \u00e9s \u00e1tgondolt d\u00f6nt\u00e9seket hozhassanak.<\/p>\t\t\t\t\t\t\t\t<\/div>\n\t\t\t\t<\/div>\n\t\t\t\t\t<\/div>\n\t\t\t\t<\/div>\n\t\t<div class=\"elementor-element elementor-element-def1201 e-flex e-con-boxed e-con e-parent\" data-id=\"def1201\" data-element_type=\"container\">\n\t\t\t\t\t<div class=\"e-con-inner\">\n\t\t\t\t<div class=\"elementor-element elementor-element-5337574 elementor-widget elementor-widget-spacer\" data-id=\"5337574\" data-element_type=\"widget\" data-widget_type=\"spacer.default\">\n\t\t\t\t\t\t\t<div class=\"elementor-spacer\">\n\t\t\t<div class=\"elementor-spacer-inner\"><\/div>\n\t\t<\/div>\n\t\t\t\t\t\t<\/div>\n\t\t\t\t<div class=\"elementor-element elementor-element-2016535 elementor-widget elementor-widget-heading\" data-id=\"2016535\" data-element_type=\"widget\" data-widget_type=\"heading.default\">\n\t\t\t\t\t<h2 class=\"elementor-heading-title elementor-size-default\">C\u00e9g\u00fcnk \u00e1ltal ny\u00fajtott szolg\u00e1ltat\u00e1sok<\/h2>\t\t\t\t<\/div>\n\t\t\t\t<div class=\"elementor-element elementor-element-acf257b elementor-widget-divider--view-line elementor-widget elementor-widget-divider\" data-id=\"acf257b\" data-element_type=\"widget\" data-widget_type=\"divider.default\">\n\t\t\t\t\t\t\t<div class=\"elementor-divider\">\n\t\t\t<span class=\"elementor-divider-separator\">\n\t\t\t\t\t\t<\/span>\n\t\t<\/div>\n\t\t\t\t\t\t<\/div>\n\t\t\t\t\t<\/div>\n\t\t\t\t<\/div>\n\t\t<div class=\"elementor-element elementor-element-e18a774 e-flex e-con-boxed e-con e-parent\" data-id=\"e18a774\" data-element_type=\"container\">\n\t\t\t\t\t<div class=\"e-con-inner\">\n\t\t<div class=\"elementor-element elementor-element-b9788a6 e-con-full e-flex e-con e-child\" data-id=\"b9788a6\" data-element_type=\"container\">\n\t\t\t\t<div class=\"elementor-element elementor-element-2817aba elementor-widget elementor-widget-image\" data-id=\"2817aba\" data-element_type=\"widget\" data-widget_type=\"image.default\">\n\t\t\t\t\t\t\t\t\t\t\t\t\t\t\t<img decoding=\"async\" src=\"https:\/\/isuccess.niarztest.com\/wp-content\/uploads\/elementor\/thumbs\/konyveles-rhp1pv94g81rpl1v4yjylnzle15furuknpqg29zlx8.png\" title=\"konyveles\" alt=\"konyveles\" class=\"elementor-animation-grow\" loading=\"lazy\" \/>\t\t\t\t\t\t\t\t\t\t\t\t\t\t\t<\/div>\n\t\t\t\t<\/div>\n\t\t<div class=\"elementor-element elementor-element-4f9418b e-con-full e-flex e-con e-child\" data-id=\"4f9418b\" data-element_type=\"container\">\n\t\t\t\t<div class=\"elementor-element elementor-element-c73c973 elementor-widget elementor-widget-image\" data-id=\"c73c973\" data-element_type=\"widget\" data-widget_type=\"image.default\">\n\t\t\t\t\t\t\t\t\t\t\t\t\t\t\t<img decoding=\"async\" src=\"https:\/\/isuccess.niarztest.com\/wp-content\/uploads\/elementor\/thumbs\/adotanacsadas-rhp1ppm3b7u1rxa21w476pettpx8kl86mxtj6m7yyk.png\" title=\"adotanacsadas\" alt=\"adotanacsadas\" class=\"elementor-animation-grow\" loading=\"lazy\" \/>\t\t\t\t\t\t\t\t\t\t\t\t\t\t\t<\/div>\n\t\t\t\t<\/div>\n\t\t<div class=\"elementor-element elementor-element-528949c e-con-full e-flex e-con e-child\" data-id=\"528949c\" data-element_type=\"container\">\n\t\t\t\t<div class=\"elementor-element elementor-element-2145436 elementor-widget elementor-widget-image\" data-id=\"2145436\" data-element_type=\"widget\" data-widget_type=\"image.default\">\n\t\t\t\t\t\t\t\t\t\t\t\t\t\t\t<img decoding=\"async\" src=\"https:\/\/isuccess.niarztest.com\/wp-content\/uploads\/elementor\/thumbs\/cegatvilagitas-rhp1ptdg2jz72d4lfxqpgogo79epfdn3zgfh3q2e9o.png\" title=\"cegatvilagitas\" alt=\"cegatvilagitas\" class=\"elementor-animation-grow\" loading=\"lazy\" \/>\t\t\t\t\t\t\t\t\t\t\t\t\t\t\t<\/div>\n\t\t\t\t<\/div>\n\t\t<div class=\"elementor-element elementor-element-1ce157d e-con-full e-flex e-con e-child\" data-id=\"1ce157d\" data-element_type=\"container\">\n\t\t\t\t<div class=\"elementor-element elementor-element-414bf78 elementor-widget elementor-widget-image\" data-id=\"414bf78\" data-element_type=\"widget\" data-widget_type=\"image.default\">\n\t\t\t\t\t\t\t\t\t\t\t\t\t\t\t<img decoding=\"async\" src=\"https:\/\/isuccess.niarztest.com\/wp-content\/uploads\/elementor\/thumbs\/uzletviteli_tanacsadas-rhp1qjoxdwz83g2d6949ehtku1szewjlf2p2jgzdfg.png\" title=\"uzletviteli_tanacsadas\" alt=\"uzletviteli_tanacsadas\" class=\"elementor-animation-grow\" loading=\"lazy\" \/>\t\t\t\t\t\t\t\t\t\t\t\t\t\t\t<\/div>\n\t\t\t\t<\/div>\n\t\t<div class=\"elementor-element elementor-element-d7a3159 e-con-full e-flex e-con e-child\" data-id=\"d7a3159\" data-element_type=\"container\">\n\t\t\t\t<div class=\"elementor-element elementor-element-f6e9a1c elementor-widget elementor-widget-image\" data-id=\"f6e9a1c\" data-element_type=\"widget\" data-widget_type=\"image.default\">\n\t\t\t\t\t\t\t\t\t\t\t\t\t\t\t<img decoding=\"async\" src=\"https:\/\/isuccess.niarztest.com\/wp-content\/uploads\/elementor\/thumbs\/berszamfejtes-rhp1psflvpxwqr5ylfc2w6p7lvjc7ojdnbrzmg3sfw.png\" title=\"berszamfejtes\" alt=\"berszamfejtes\" class=\"elementor-animation-grow\" loading=\"lazy\" \/>\t\t\t\t\t\t\t\t\t\t\t\t\t\t\t<\/div>\n\t\t\t\t<div class=\"elementor-element elementor-element-ea3e944 elementor-hidden-mobile elementor-widget elementor-widget-spacer\" data-id=\"ea3e944\" data-element_type=\"widget\" data-widget_type=\"spacer.default\">\n\t\t\t\t\t\t\t<div class=\"elementor-spacer\">\n\t\t\t<div class=\"elementor-spacer-inner\"><\/div>\n\t\t<\/div>\n\t\t\t\t\t\t<\/div>\n\t\t\t\t<\/div>\n\t\t<div class=\"elementor-element elementor-element-7ccd090 e-con-full e-flex e-con e-child\" data-id=\"7ccd090\" data-element_type=\"container\">\n\t\t\t\t<div class=\"elementor-element elementor-element-1515b8f elementor-widget elementor-widget-image\" data-id=\"1515b8f\" data-element_type=\"widget\" data-widget_type=\"image.default\">\n\t\t\t\t\t\t\t\t\t\t\t\t\t\t\t<img decoding=\"async\" src=\"https:\/\/isuccess.niarztest.com\/wp-content\/uploads\/elementor\/thumbs\/hitelugyintezes-rhp1puba9e0hdz38ag5c1684sna2n2qubl2yl0103g.png\" title=\"hitelugyintezes\" alt=\"hitelugyintezes\" class=\"elementor-animation-grow\" loading=\"lazy\" \/>\t\t\t\t\t\t\t\t\t\t\t\t\t\t\t<\/div>\n\t\t\t\t<\/div>\n\t\t\t\t\t<\/div>\n\t\t\t\t<\/div>\n\t\t<div class=\"elementor-element elementor-element-765b12f e-flex e-con-boxed e-con e-parent\" data-id=\"765b12f\" data-element_type=\"container\">\n\t\t\t\t\t<div class=\"e-con-inner\">\n\t\t\t\t<div class=\"elementor-element elementor-element-2110449 elementor-widget elementor-widget-spacer\" data-id=\"2110449\" data-element_type=\"widget\" data-widget_type=\"spacer.default\">\n\t\t\t\t\t\t\t<div class=\"elementor-spacer\">\n\t\t\t<div class=\"elementor-spacer-inner\"><\/div>\n\t\t<\/div>\n\t\t\t\t\t\t<\/div>\n\t\t\t\t<div class=\"elementor-element elementor-element-c041e72 elementor-widget elementor-widget-heading\" data-id=\"c041e72\" data-element_type=\"widget\" data-widget_type=\"heading.default\">\n\t\t\t\t\t<h2 class=\"elementor-heading-title elementor-size-default\">Az elismer\u00e9seink\na Te Sikereiddel\nkezd\u0151dnek<\/h2>\t\t\t\t<\/div>\n\t\t\t\t<div class=\"elementor-element elementor-element-f7569e2 elementor-widget-divider--view-line elementor-widget elementor-widget-divider\" data-id=\"f7569e2\" data-element_type=\"widget\" data-widget_type=\"divider.default\">\n\t\t\t\t\t\t\t<div class=\"elementor-divider\">\n\t\t\t<span class=\"elementor-divider-separator\">\n\t\t\t\t\t\t<\/span>\n\t\t<\/div>\n\t\t\t\t\t\t<\/div>\n\t\t\t\t\t<\/div>\n\t\t\t\t<\/div>\n\t\t<div class=\"elementor-element elementor-element-f7cbcad e-flex e-con-boxed e-con e-parent\" data-id=\"f7cbcad\" data-element_type=\"container\">\n\t\t\t\t\t<div class=\"e-con-inner\">\n\t\t\t\t<div class=\"elementor-element elementor-element-ba7bc1e elementor-widget elementor-widget-text-editor\" data-id=\"ba7bc1e\" data-element_type=\"widget\" data-widget_type=\"text-editor.default\">\n\t\t\t\t\t\t\t\t\t<ul class=\"demo\"><li style=\"list-style-type: none;\"><ul class=\"demo\"><li>Proakt\u00edvan m\u0171k\u00f6d\u00fcnk. Menedzsment szeml\u00e9let\u00fcnknek k\u00f6sz\u00f6nhet\u0151en c\u00e9ge \u00f6sszes folyamat\u00e1t figyelembe v\u00e9ve javaslunk p\u00e9nz\u00fcgyi megold\u00e1sokat.<\/li><\/ul><\/li><\/ul><p>\u00a0<\/p><ul class=\"demo\"><li style=\"list-style-type: none;\"><ul class=\"demo\"><li>Bizalom \u00e9s megb\u00edzhat\u00f3s\u00e1g! Csakis olyan megold\u00e1sokat javaslunk, ami kock\u00e1zatmentes, \u00e9s ami egy ad\u00f3ellen\u0151rz\u00e9sen is meg\u00e1llja a hely\u00e9t.<\/li><\/ul><\/li><\/ul><p>\u00a0<\/p><ul class=\"demo\"><li style=\"list-style-type: none;\"><ul class=\"demo\"><li>Garancia. Szakmai felel\u0151ss\u00e9gbiztos\u00edt\u00e1sunk van. Ha hib\u00e1zunk, beismerj\u00fck, nem t\u0171n\u00fcnk el, helyrehozzuk \u00e9s kiegyenl\u00edtj\u00fck, mert a legfontosabb a tisztess\u00e9g \u00e9s a bizalom<\/li><\/ul><\/li><\/ul><p>\u00a0<\/p><ul class=\"demo\"><li style=\"list-style-type: none;\"><ul class=\"demo\"><li>Szak\u00e9rtelem \u00e9s min\u0151s\u00e9g. Legyen sz\u00f3 ak\u00e1r k\u00f6nyvel\u00e9sr\u0151l, b\u00e9rsz\u00e1mfejt\u00e9sr\u0151l, vagy ad\u00f3tan\u00e1csad\u00e1sr\u00f3l munkat\u00e1rsaink szakmailag maxim\u00e1lisan felk\u00e9sz\u00fcltek \u00e9s \u00fcgyf\u00e9lk\u00f6zpont\u00fa gondolkod\u00e1s\u00faak.<\/li><\/ul><\/li><li style=\"list-style-type: none;\">\u00a0<ul class=\"demo\"><li>Professzion\u00e1lis k\u00f6rnyezetben v\u00e1rjuk \u00fcgyfeleinket, de ha sz\u00fcks\u00e9ges online is tudunk egy\u00fcttm\u0171k\u00f6dni<\/li><\/ul><\/li><\/ul>\t\t\t\t\t\t\t\t<\/div>\n\t\t\t\t\t<\/div>\n\t\t\t\t<\/div>\n\t\t\t\t<\/div>\n\t\t","protected":false},"excerpt":{"rendered":"<p>C\u00e9g\u00e1tvil\u00e1g\u00edt\u00e1s Kock\u00e1zatok felt\u00e1r\u00e1sa, biztons\u00e1gos d\u00f6nt\u00e9sek. \u00a0A c\u00e9g\u00e1tvil\u00e1g\u00edt\u00e1s c\u00e9lja, hogy \u00e1tfog\u00f3 elemz\u00e9ssel felt\u00e1rjuk a v\u00e1llalkoz\u00e1s m\u0171k\u00f6d\u00e9s\u00e9ben rejl\u0151 kock\u00e1zatokat, \u00e9s javaslatokat tegy\u00fcnk azok kezel\u00e9s\u00e9re. Vizsg\u00e1latunk sor\u00e1n elemezz\u00fck a v\u00e1llalat\u00a0piaci helyzet\u00e9t, menedzsmentj\u00e9t, p\u00e9nz\u00fcgyi \u00e9s sz\u00e1mviteli strukt\u00far\u00e1j\u00e1t, valamint jogi megfelel\u0151s\u00e9g\u00e9t,\u00a0hogy megalapozott d\u00f6nt\u00e9sek sz\u00fclethessenek ak\u00e1r befektet\u00e9sr\u0151l, c\u00e9gv\u00e1s\u00e1rl\u00e1sr\u00f3l vagy \u00fczleti fejleszt\u00e9sr\u0151l van sz\u00f3. C\u00e9g\u00e1tvil\u00e1g\u00edt\u00e1sunk f\u0151bb ter\u00fcletei: Piaci \u00e9s versenyk\u00f6rnyezet elemz\u00e9se\u00a0&#8211; a&hellip; <a class=\"more-link\" href=\"https:\/\/isuccess.niarztest.com\/index.php\/cegatvilagitas\/\"><span class=\"screen-reader-text\">C\u00e9g\u00e1tvil\u00e1g\u00edt\u00e1s<\/span> olvas\u00e1s\u00e1nak folytat\u00e1sa<\/a><\/p>\n","protected":false},"author":1,"featured_media":0,"parent":0,"menu_order":0,"comment_status":"closed","ping_status":"closed","template":"elementor_canvas","meta":{"footnotes":""},"class_list":["post-126","page","type-page","status-publish","hentry","entry"],"_links":{"self":[{"href":"https:\/\/isuccess.niarztest.com\/index.php\/wp-json\/wp\/v2\/pages\/126","targetHints":{"allow":["GET"]}}],"collection":[{"href":"https:\/\/isuccess.niarztest.com\/index.php\/wp-json\/wp\/v2\/pages"}],"about":[{"href":"https:\/\/isuccess.niarztest.com\/index.php\/wp-json\/wp\/v2\/types\/page"}],"author":[{"embeddable":true,"href":"https:\/\/isuccess.niarztest.com\/index.php\/wp-json\/wp\/v2\/users\/1"}],"replies":[{"embeddable":true,"href":"https:\/\/isuccess.niarztest.com\/index.php\/wp-json\/wp\/v2\/comments?post=126"}],"version-history":[{"count":34,"href":"https:\/\/isuccess.niarztest.com\/index.php\/wp-json\/wp\/v2\/pages\/126\/revisions"}],"predecessor-version":[{"id":651,"href":"https:\/\/isuccess.niarztest.com\/index.php\/wp-json\/wp\/v2\/pages\/126\/revisions\/651"}],"wp:attachment":[{"href":"https:\/\/isuccess.niarztest.com\/index.php\/wp-json\/wp\/v2\/media?parent=126"}],"curies":[{"name":"wp","href":"https:\/\/api.w.org\/{rel}","templated":true}]}}