{"id":120,"date":"2026-01-23T16:09:02","date_gmt":"2026-01-23T16:09:02","guid":{"rendered":"https:\/\/isuccess.niarztest.com\/?page_id=120"},"modified":"2026-02-03T12:18:28","modified_gmt":"2026-02-03T12:18:28","slug":"adotanacsadas","status":"publish","type":"page","link":"https:\/\/isuccess.niarztest.com\/index.php\/adotanacsadas\/","title":{"rendered":"Ad\u00f3tan\u00e1csad\u00e1s"},"content":{"rendered":"\t\t<div data-elementor-type=\"wp-page\" data-elementor-id=\"120\" class=\"elementor elementor-120\" data-elementor-post-type=\"page\">\n\t\t\t\t<div class=\"elementor-element elementor-element-9eac86e e-flex e-con-boxed e-con e-parent\" data-id=\"9eac86e\" data-element_type=\"container\" data-settings=\"{&quot;background_background&quot;:&quot;classic&quot;}\">\n\t\t\t\t\t<div class=\"e-con-inner\">\n\t\t\t\t<div class=\"elementor-element elementor-element-f932e3c elementor-widget elementor-widget-spacer\" data-id=\"f932e3c\" data-element_type=\"widget\" data-widget_type=\"spacer.default\">\n\t\t\t\t\t\t\t<div class=\"elementor-spacer\">\n\t\t\t<div class=\"elementor-spacer-inner\"><\/div>\n\t\t<\/div>\n\t\t\t\t\t\t<\/div>\n\t\t\t\t<div class=\"elementor-element elementor-element-b624374 elementor-widget elementor-widget-heading\" data-id=\"b624374\" data-element_type=\"widget\" data-widget_type=\"heading.default\">\n\t\t\t\t\t<h2 class=\"elementor-heading-title elementor-size-default\">Ad\u00f3tan\u00e1csad\u00e1s<\/h2>\t\t\t\t<\/div>\n\t\t\t\t<div class=\"elementor-element elementor-element-0cd44e6 elementor-widget elementor-widget-spacer\" data-id=\"0cd44e6\" data-element_type=\"widget\" data-widget_type=\"spacer.default\">\n\t\t\t\t\t\t\t<div class=\"elementor-spacer\">\n\t\t\t<div class=\"elementor-spacer-inner\"><\/div>\n\t\t<\/div>\n\t\t\t\t\t\t<\/div>\n\t\t\t\t\t<\/div>\n\t\t\t\t<\/div>\n\t\t<div class=\"elementor-element elementor-element-2bede89 e-flex e-con-boxed e-con e-parent\" data-id=\"2bede89\" data-element_type=\"container\">\n\t\t\t\t\t<div class=\"e-con-inner\">\n\t\t\t\t<div class=\"elementor-element elementor-element-71672ea elementor-widget elementor-widget-spacer\" data-id=\"71672ea\" data-element_type=\"widget\" data-widget_type=\"spacer.default\">\n\t\t\t\t\t\t\t<div class=\"elementor-spacer\">\n\t\t\t<div class=\"elementor-spacer-inner\"><\/div>\n\t\t<\/div>\n\t\t\t\t\t\t<\/div>\n\t\t\t\t\t<\/div>\n\t\t\t\t<\/div>\n\t\t<div class=\"elementor-element elementor-element-5f1614f e-flex e-con-boxed e-con e-parent\" data-id=\"5f1614f\" data-element_type=\"container\">\n\t\t\t\t\t<div class=\"e-con-inner\">\n\t\t<div class=\"elementor-element elementor-element-9a3abd8 e-con-full e-flex e-con e-child\" data-id=\"9a3abd8\" data-element_type=\"container\">\n\t\t\t\t<div class=\"elementor-element elementor-element-f49a839 elementor-widget elementor-widget-heading\" data-id=\"f49a839\" data-element_type=\"widget\" data-widget_type=\"heading.default\">\n\t\t\t\t\t<h2 class=\"elementor-heading-title elementor-size-default\">Optimaliz\u00e1lt \u00e9s jogszer\u0171<\/h2>\t\t\t\t<\/div>\n\t\t\t\t<div class=\"elementor-element elementor-element-3c0ce04 elementor-widget elementor-widget-heading\" data-id=\"3c0ce04\" data-element_type=\"widget\" data-widget_type=\"heading.default\">\n\t\t\t\t\t<h2 class=\"elementor-heading-title elementor-size-default\">ad\u00f3z\u00e1si megold\u00e1sok.<\/h2>\t\t\t\t<\/div>\n\t\t\t\t<\/div>\n\t\t<div class=\"elementor-element elementor-element-3872e9e e-con-full e-flex e-con e-child\" data-id=\"3872e9e\" data-element_type=\"container\">\n\t\t\t\t<\/div>\n\t\t\t\t\t<\/div>\n\t\t\t\t<\/div>\n\t\t<div class=\"elementor-element elementor-element-475e9f6 e-flex e-con-boxed e-con e-parent\" data-id=\"475e9f6\" data-element_type=\"container\" data-settings=\"{&quot;background_background&quot;:&quot;classic&quot;}\">\n\t\t\t\t\t<div class=\"e-con-inner\">\n\t\t<div class=\"elementor-element elementor-element-b55e5e9 e-con-full e-flex e-con e-child\" data-id=\"b55e5e9\" data-element_type=\"container\">\n\t\t\t\t<div class=\"elementor-element elementor-element-e8a6017 elementor-widget elementor-widget-text-editor\" data-id=\"e8a6017\" data-element_type=\"widget\" data-widget_type=\"text-editor.default\">\n\t\t\t\t\t\t\t\t\t<p>Seg\u00edt\u00fcnk v\u00e1llalkoz\u00e1s\u00e1nak az ad\u00f3jogszab\u00e1lyoknak val\u00f3 pontos \u00e9s marad\u00e9ktalan megfelel\u00e9sben, mik\u00f6zben szak\u00e9rt\u0151 t\u00e1mogat\u00e1sunkkal minimaliz\u00e1lhat\u00f3k az ad\u00f3terhek a jogszab\u00e1lyi keretek k\u00f6z\u00f6tt. Naprak\u00e9sz ad\u00f3jogi ismereteinkkel \u00e9s gyakorlati tapasztalatunkkal biztos\u00edtjuk, hogy v\u00e1llalkoz\u00e1sa a lehet\u0151 legkedvez\u0151bb ad\u00f3z\u00e1si felt\u00e9telek mellett m\u0171k\u00f6dhessen, mik\u00f6zben teljes m\u00e9rt\u00e9kben megfelel a jogszab\u00e1lyoknak.<\/p>\t\t\t\t\t\t\t\t<\/div>\n\t\t\t\t<\/div>\n\t\t<div class=\"elementor-element elementor-element-c2e0f18 e-con-full e-flex e-con e-child\" data-id=\"c2e0f18\" data-element_type=\"container\">\n\t\t\t\t<div class=\"elementor-element elementor-element-c09edbb elementor-widget elementor-widget-image\" data-id=\"c09edbb\" data-element_type=\"widget\" data-widget_type=\"image.default\">\n\t\t\t\t\t\t\t\t\t\t\t\t\t\t\t<img decoding=\"async\" src=\"https:\/\/isuccess.niarztest.com\/wp-content\/uploads\/elementor\/thumbs\/adotanacsadas-rhp1ppm3b7u1rxa21w476pettpx8kl86mxtj6m7yyk.png\" title=\"adotanacsadas\" alt=\"adotanacsadas\" loading=\"lazy\" \/>\t\t\t\t\t\t\t\t\t\t\t\t\t\t\t<\/div>\n\t\t\t\t<\/div>\n\t\t\t\t\t<\/div>\n\t\t\t\t<\/div>\n\t\t<div class=\"elementor-element elementor-element-5d69777 e-flex e-con-boxed e-con e-parent\" data-id=\"5d69777\" data-element_type=\"container\">\n\t\t\t\t\t<div class=\"e-con-inner\">\n\t\t<div class=\"elementor-element elementor-element-785ff80 e-con-full e-flex e-con e-child\" data-id=\"785ff80\" data-element_type=\"container\">\n\t\t\t\t<\/div>\n\t\t<div class=\"elementor-element elementor-element-bf5ae8d e-con-full e-flex e-con e-child\" data-id=\"bf5ae8d\" data-element_type=\"container\">\n\t\t\t\t<div class=\"elementor-element elementor-element-73f0baa elementor-widget elementor-widget-heading\" data-id=\"73f0baa\" data-element_type=\"widget\" data-widget_type=\"heading.default\">\n\t\t\t\t\t<h2 class=\"elementor-heading-title elementor-size-default\">Szolg\u00e1ltat\u00e1saink<\/h2>\t\t\t\t<\/div>\n\t\t\t\t<div class=\"elementor-element elementor-element-8fdf1a3 elementor-widget elementor-widget-heading\" data-id=\"8fdf1a3\" data-element_type=\"widget\" data-widget_type=\"heading.default\">\n\t\t\t\t\t<h2 class=\"elementor-heading-title elementor-size-default\">magukba foglalj\u00e1k:<\/h2>\t\t\t\t<\/div>\n\t\t\t\t<\/div>\n\t\t\t\t\t<\/div>\n\t\t\t\t<\/div>\n\t\t<div class=\"elementor-element elementor-element-ea39c62 e-con-full e-flex e-con e-parent\" data-id=\"ea39c62\" data-element_type=\"container\" data-settings=\"{&quot;background_background&quot;:&quot;classic&quot;}\">\n\t\t<div class=\"elementor-element elementor-element-38c25eb e-con-full e-flex e-con e-child\" data-id=\"38c25eb\" data-element_type=\"container\">\n\t\t\t\t<div class=\"elementor-element elementor-element-7533ce4 elementor-widget elementor-widget-image\" data-id=\"7533ce4\" data-element_type=\"widget\" data-widget_type=\"image.default\">\n\t\t\t\t\t\t\t\t\t\t\t\t\t\t\t<img decoding=\"async\" src=\"https:\/\/isuccess.niarztest.com\/wp-content\/uploads\/elementor\/thumbs\/adotanacsadas-rhp1ppm3b7u1rxa21w476pettpx8kl86mxtj6m7yyk.png\" title=\"adotanacsadas\" alt=\"adotanacsadas\" loading=\"lazy\" \/>\t\t\t\t\t\t\t\t\t\t\t\t\t\t\t<\/div>\n\t\t\t\t<\/div>\n\t\t<div class=\"elementor-element elementor-element-bf50d0f e-con-full e-flex e-con e-child\" data-id=\"bf50d0f\" data-element_type=\"container\">\n\t\t\t\t<div class=\"elementor-element elementor-element-247b57f elementor-widget elementor-widget-text-editor\" data-id=\"247b57f\" data-element_type=\"widget\" data-widget_type=\"text-editor.default\">\n\t\t\t\t\t\t\t\t\t<p class=\"wow fadeInRight\"><b>Ad\u00f3optimaliz\u00e1l\u00e1s \u00e9s strat\u00e9giai tervez\u00e9s<\/b>\u00a0&#8211; leg\u00e1lis lehet\u0151s\u00e9gek felt\u00e9rk\u00e9pez\u00e9se az ad\u00f3terhek cs\u00f6kkent\u00e9s\u00e9re<br \/><b>Ad\u00f3kedvezm\u00e9nyek \u00e9s t\u00e1mogat\u00e1sok ig\u00e9nybev\u00e9tele<\/b>\u00a0&#8211; jogszab\u00e1lyi lehet\u0151s\u00e9gek kihaszn\u00e1l\u00e1sa a megtakar\u00edt\u00e1s \u00e9rdek\u00e9ben<br \/><b>Ad\u00f3bevall\u00e1sok elk\u00e9sz\u00edt\u00e9se \u00e9s beny\u00fajt\u00e1sa<\/b>\u00a0&#8211; pontos, hat\u00e1rid\u0151re elk\u00e9sz\u00edtett dokument\u00e1ci\u00f3<br \/><b>Ad\u00f3ellen\u0151rz\u00e9sekre val\u00f3 felk\u00e9sz\u00edt\u00e9s \u00e9s k\u00e9pviselet<\/b>\u00a0&#8211; hat\u00f3s\u00e1gi elj\u00e1r\u00e1sok g\u00f6rd\u00fcl\u00e9keny lebonyol\u00edt\u00e1sa<br \/><b>Nemzetk\u00f6zi ad\u00f3z\u00e1s \u00e9s transzfer\u00e1raz\u00e1s<\/b>\u00a0&#8211; k\u00fclf\u00f6ldi tev\u00e9kenys\u00e9get folytat\u00f3 v\u00e1llalkoz\u00e1sok t\u00e1mogat\u00e1sa<\/p><p class=\"wow fadeInRight\"><b>T\u00e1rsas\u00e1gi ad\u00f3 \u00e9s egy\u00e9b ad\u00f3z\u00e1si k\u00e9rd\u00e9sek<\/b><\/p><p class=\"wow fadeInRight\">\u00a0<\/p><ul><li>Seg\u00edts\u00e9g a t\u00e1rsas\u00e1gi ad\u00f3kalkul\u00e1ci\u00f3k elk\u00e9sz\u00edt\u00e9s\u00e9ben \u00e9s fel\u00fclvizsg\u00e1lat\u00e1ban<\/li><li>Ad\u00f3bevall\u00e1sok el\u0151k\u00e9sz\u00edt\u00e9se \u00e9s beny\u00fajt\u00e1sa<\/li><li>\u00c1FA tan\u00e1csad\u00e1s<\/li><li>Szem\u00e9lyi j\u00f6vedelemad\u00f3val \u00e9s t\u00e1rsadalombiztos\u00edt\u00e1ssal kapcsolatos tan\u00e1csad\u00e1s<\/li><\/ul><p>\u00a0<\/p><p class=\"wow fadeInRight\"><b>Sz\u00e1mviteli \u00e9s ad\u00f3z\u00e1si szab\u00e1lyok kialak\u00edt\u00e1sa<\/b><\/p><p class=\"wow fadeInRight\">\u00a0<\/p><ul><li>Sz\u00e1mviteli rend kialak\u00edt\u00e1sa<\/li><li>Testreszabott bels\u0151 szab\u00e1lyzatok elk\u00e9sz\u00edt\u00e9se<\/li><li>Ad\u00f3t\u00f6rv\u00e9nyek r\u00e9szletes ismertet\u00e9se, szem\u00e9lyes konzult\u00e1ci\u00f3val<\/li><li>Ad\u00f3mentes juttat\u00e1si lehet\u0151s\u00e9gek megtervez\u00e9se \u00e9s ismertet\u00e9se<\/li><\/ul><p>\u00a0<\/p><p class=\"wow fadeInRight\"><b>Kock\u00e1zatelemz\u00e9s \u00e9s strat\u00e9giai tervez\u00e9s<\/b><\/p><p class=\"wow fadeInRight\">\u00a0<\/p><ul><li>Ad\u00f3\u00fcgyi kock\u00e1zatok felm\u00e9r\u00e9se \u00e9s r\u00e9szletez\u00e9se c\u00e9g\u00e1talakul\u00e1sok, felv\u00e1s\u00e1rl\u00e1sok eset\u00e9n<\/li><li>P\u00e9nz\u00fcgyi kock\u00e1zatelemz\u00e9s \u00e9s befektet\u00e9si javaslatok<\/li><li>Hat\u00e9kony p\u00e9nzeszk\u00f6z-kezel\u00e9si strat\u00e9gia kialak\u00edt\u00e1sa<\/li><\/ul><p>\u00a0<\/p><p class=\"wow fadeInRight\"><b>Ad\u00f3hat\u00f3s\u00e1gi k\u00e9pviselet \u00e9s ellen\u0151rz\u00e9si t\u00e1mogat\u00e1s<\/b><\/p><p class=\"wow fadeInRight\">\u00a0<\/p><ul><li>Teljes k\u00f6r\u0171 seg\u00edts\u00e9gny\u00fajt\u00e1s ad\u00f3hat\u00f3s\u00e1gi ellen\u0151rz\u00e9sek sor\u00e1n<\/li><li>Ad\u00f3hat\u00f3s\u00e1gi k\u00e9pviselet az ellen\u0151rz\u00e9si id\u0151szak teljes id\u0151tartama alatt<\/li><li>Szakmai \u00e9szrev\u00e9telek el\u0151k\u00e9sz\u00edt\u00e9se<\/li><li>Fellebbez\u00e9si elj\u00e1r\u00e1s t\u00e1mogat\u00e1sa<\/li><\/ul>\t\t\t\t\t\t\t\t<\/div>\n\t\t\t\t<\/div>\n\t\t\t\t<\/div>\n\t\t<div class=\"elementor-element elementor-element-def1201 e-flex e-con-boxed e-con e-parent\" data-id=\"def1201\" data-element_type=\"container\">\n\t\t\t\t\t<div class=\"e-con-inner\">\n\t\t\t\t<div class=\"elementor-element elementor-element-5337574 elementor-widget elementor-widget-spacer\" data-id=\"5337574\" data-element_type=\"widget\" data-widget_type=\"spacer.default\">\n\t\t\t\t\t\t\t<div class=\"elementor-spacer\">\n\t\t\t<div class=\"elementor-spacer-inner\"><\/div>\n\t\t<\/div>\n\t\t\t\t\t\t<\/div>\n\t\t\t\t<div class=\"elementor-element elementor-element-2016535 elementor-widget elementor-widget-heading\" data-id=\"2016535\" data-element_type=\"widget\" data-widget_type=\"heading.default\">\n\t\t\t\t\t<h2 class=\"elementor-heading-title elementor-size-default\">C\u00e9g\u00fcnk \u00e1ltal ny\u00fajtott szolg\u00e1ltat\u00e1sok<\/h2>\t\t\t\t<\/div>\n\t\t\t\t<div class=\"elementor-element elementor-element-acf257b elementor-widget-divider--view-line elementor-widget elementor-widget-divider\" data-id=\"acf257b\" data-element_type=\"widget\" data-widget_type=\"divider.default\">\n\t\t\t\t\t\t\t<div class=\"elementor-divider\">\n\t\t\t<span class=\"elementor-divider-separator\">\n\t\t\t\t\t\t<\/span>\n\t\t<\/div>\n\t\t\t\t\t\t<\/div>\n\t\t\t\t\t<\/div>\n\t\t\t\t<\/div>\n\t\t<div class=\"elementor-element elementor-element-d95ca5a e-flex e-con-boxed e-con e-parent\" data-id=\"d95ca5a\" data-element_type=\"container\">\n\t\t\t\t\t<div class=\"e-con-inner\">\n\t\t<div class=\"elementor-element elementor-element-8235034 e-con-full e-flex e-con e-child\" data-id=\"8235034\" data-element_type=\"container\">\n\t\t\t\t<div class=\"elementor-element elementor-element-aa63400 elementor-widget elementor-widget-image\" data-id=\"aa63400\" data-element_type=\"widget\" data-widget_type=\"image.default\">\n\t\t\t\t\t\t\t\t\t\t\t\t\t\t\t<img decoding=\"async\" src=\"https:\/\/isuccess.niarztest.com\/wp-content\/uploads\/elementor\/thumbs\/konyveles-rhp1pv94g81rpl1v4yjylnzle15furuknpqg29zlx8.png\" title=\"konyveles\" alt=\"konyveles\" class=\"elementor-animation-grow\" loading=\"lazy\" \/>\t\t\t\t\t\t\t\t\t\t\t\t\t\t\t<\/div>\n\t\t\t\t<\/div>\n\t\t<div class=\"elementor-element elementor-element-9176ced e-con-full e-flex e-con e-child\" data-id=\"9176ced\" data-element_type=\"container\">\n\t\t\t\t<div class=\"elementor-element elementor-element-59e29ce elementor-widget elementor-widget-image\" data-id=\"59e29ce\" data-element_type=\"widget\" data-widget_type=\"image.default\">\n\t\t\t\t\t\t\t\t\t\t\t\t\t\t\t<img decoding=\"async\" src=\"https:\/\/isuccess.niarztest.com\/wp-content\/uploads\/elementor\/thumbs\/adotanacsadas-rhp1ppm3b7u1rxa21w476pettpx8kl86mxtj6m7yyk.png\" title=\"adotanacsadas\" alt=\"adotanacsadas\" class=\"elementor-animation-grow\" loading=\"lazy\" \/>\t\t\t\t\t\t\t\t\t\t\t\t\t\t\t<\/div>\n\t\t\t\t<\/div>\n\t\t<div class=\"elementor-element elementor-element-a4330eb e-con-full e-flex e-con e-child\" data-id=\"a4330eb\" data-element_type=\"container\">\n\t\t\t\t<div class=\"elementor-element elementor-element-cd1ee70 elementor-widget elementor-widget-image\" data-id=\"cd1ee70\" data-element_type=\"widget\" data-widget_type=\"image.default\">\n\t\t\t\t\t\t\t\t\t\t\t\t\t\t\t<img decoding=\"async\" src=\"https:\/\/isuccess.niarztest.com\/wp-content\/uploads\/elementor\/thumbs\/cegatvilagitas-rhp1ptdg2jz72d4lfxqpgogo79epfdn3zgfh3q2e9o.png\" title=\"cegatvilagitas\" alt=\"cegatvilagitas\" class=\"elementor-animation-grow\" loading=\"lazy\" \/>\t\t\t\t\t\t\t\t\t\t\t\t\t\t\t<\/div>\n\t\t\t\t<\/div>\n\t\t<div class=\"elementor-element elementor-element-4b085e6 e-con-full e-flex e-con e-child\" data-id=\"4b085e6\" data-element_type=\"container\">\n\t\t\t\t<div class=\"elementor-element elementor-element-eb07d6d elementor-widget elementor-widget-image\" data-id=\"eb07d6d\" data-element_type=\"widget\" data-widget_type=\"image.default\">\n\t\t\t\t\t\t\t\t\t\t\t\t\t\t\t<img decoding=\"async\" src=\"https:\/\/isuccess.niarztest.com\/wp-content\/uploads\/elementor\/thumbs\/uzletviteli_tanacsadas-rhp1qjoxdwz83g2d6949ehtku1szewjlf2p2jgzdfg.png\" title=\"uzletviteli_tanacsadas\" alt=\"uzletviteli_tanacsadas\" class=\"elementor-animation-grow\" loading=\"lazy\" \/>\t\t\t\t\t\t\t\t\t\t\t\t\t\t\t<\/div>\n\t\t\t\t<\/div>\n\t\t<div class=\"elementor-element elementor-element-b269918 e-con-full e-flex e-con e-child\" data-id=\"b269918\" data-element_type=\"container\">\n\t\t\t\t<div class=\"elementor-element elementor-element-d865799 elementor-widget elementor-widget-image\" data-id=\"d865799\" data-element_type=\"widget\" data-widget_type=\"image.default\">\n\t\t\t\t\t\t\t\t\t\t\t\t\t\t\t<img decoding=\"async\" src=\"https:\/\/isuccess.niarztest.com\/wp-content\/uploads\/elementor\/thumbs\/berszamfejtes-rhp1psflvpxwqr5ylfc2w6p7lvjc7ojdnbrzmg3sfw.png\" title=\"berszamfejtes\" alt=\"berszamfejtes\" class=\"elementor-animation-grow\" loading=\"lazy\" \/>\t\t\t\t\t\t\t\t\t\t\t\t\t\t\t<\/div>\n\t\t\t\t<div class=\"elementor-element elementor-element-82ae74c elementor-hidden-mobile elementor-widget elementor-widget-spacer\" data-id=\"82ae74c\" data-element_type=\"widget\" data-widget_type=\"spacer.default\">\n\t\t\t\t\t\t\t<div class=\"elementor-spacer\">\n\t\t\t<div class=\"elementor-spacer-inner\"><\/div>\n\t\t<\/div>\n\t\t\t\t\t\t<\/div>\n\t\t\t\t<\/div>\n\t\t<div class=\"elementor-element elementor-element-9211e42 e-con-full e-flex e-con e-child\" data-id=\"9211e42\" data-element_type=\"container\">\n\t\t\t\t<div class=\"elementor-element elementor-element-f097723 elementor-widget elementor-widget-image\" data-id=\"f097723\" data-element_type=\"widget\" data-widget_type=\"image.default\">\n\t\t\t\t\t\t\t\t\t\t\t\t\t\t\t<img decoding=\"async\" src=\"https:\/\/isuccess.niarztest.com\/wp-content\/uploads\/elementor\/thumbs\/hitelugyintezes-rhp1puba9e0hdz38ag5c1684sna2n2qubl2yl0103g.png\" title=\"hitelugyintezes\" alt=\"hitelugyintezes\" class=\"elementor-animation-grow\" loading=\"lazy\" \/>\t\t\t\t\t\t\t\t\t\t\t\t\t\t\t<\/div>\n\t\t\t\t<\/div>\n\t\t\t\t\t<\/div>\n\t\t\t\t<\/div>\n\t\t<div class=\"elementor-element elementor-element-765b12f e-flex e-con-boxed e-con e-parent\" data-id=\"765b12f\" data-element_type=\"container\">\n\t\t\t\t\t<div class=\"e-con-inner\">\n\t\t\t\t<div class=\"elementor-element elementor-element-2110449 elementor-widget elementor-widget-spacer\" data-id=\"2110449\" data-element_type=\"widget\" data-widget_type=\"spacer.default\">\n\t\t\t\t\t\t\t<div class=\"elementor-spacer\">\n\t\t\t<div class=\"elementor-spacer-inner\"><\/div>\n\t\t<\/div>\n\t\t\t\t\t\t<\/div>\n\t\t\t\t<div class=\"elementor-element elementor-element-c041e72 elementor-widget elementor-widget-heading\" data-id=\"c041e72\" data-element_type=\"widget\" data-widget_type=\"heading.default\">\n\t\t\t\t\t<h2 class=\"elementor-heading-title elementor-size-default\">Az elismer\u00e9seink\na Te Sikereiddel\nkezd\u0151dnek<\/h2>\t\t\t\t<\/div>\n\t\t\t\t<div class=\"elementor-element elementor-element-f7569e2 elementor-widget-divider--view-line elementor-widget elementor-widget-divider\" data-id=\"f7569e2\" data-element_type=\"widget\" data-widget_type=\"divider.default\">\n\t\t\t\t\t\t\t<div class=\"elementor-divider\">\n\t\t\t<span class=\"elementor-divider-separator\">\n\t\t\t\t\t\t<\/span>\n\t\t<\/div>\n\t\t\t\t\t\t<\/div>\n\t\t\t\t\t<\/div>\n\t\t\t\t<\/div>\n\t\t<div class=\"elementor-element elementor-element-f7cbcad e-flex e-con-boxed e-con e-parent\" data-id=\"f7cbcad\" data-element_type=\"container\">\n\t\t\t\t\t<div class=\"e-con-inner\">\n\t\t\t\t<div class=\"elementor-element elementor-element-ba7bc1e elementor-widget elementor-widget-text-editor\" data-id=\"ba7bc1e\" data-element_type=\"widget\" data-widget_type=\"text-editor.default\">\n\t\t\t\t\t\t\t\t\t<ul class=\"demo\"><li style=\"list-style-type: none;\"><ul class=\"demo\"><li>Proakt\u00edvan m\u0171k\u00f6d\u00fcnk. Menedzsment szeml\u00e9let\u00fcnknek k\u00f6sz\u00f6nhet\u0151en c\u00e9ge \u00f6sszes folyamat\u00e1t figyelembe v\u00e9ve javaslunk p\u00e9nz\u00fcgyi megold\u00e1sokat.<\/li><\/ul><\/li><\/ul><p>\u00a0<\/p><ul class=\"demo\"><li style=\"list-style-type: none;\"><ul class=\"demo\"><li>Bizalom \u00e9s megb\u00edzhat\u00f3s\u00e1g! Csakis olyan megold\u00e1sokat javaslunk, ami kock\u00e1zatmentes, \u00e9s ami egy ad\u00f3ellen\u0151rz\u00e9sen is meg\u00e1llja a hely\u00e9t.<\/li><\/ul><\/li><\/ul><p>\u00a0<\/p><ul class=\"demo\"><li style=\"list-style-type: none;\"><ul class=\"demo\"><li>Garancia. Szakmai felel\u0151ss\u00e9gbiztos\u00edt\u00e1sunk van. Ha hib\u00e1zunk, beismerj\u00fck, nem t\u0171n\u00fcnk el, helyrehozzuk \u00e9s kiegyenl\u00edtj\u00fck, mert a legfontosabb a tisztess\u00e9g \u00e9s a bizalom<\/li><\/ul><\/li><\/ul><p>\u00a0<\/p><ul class=\"demo\"><li style=\"list-style-type: none;\"><ul class=\"demo\"><li>Szak\u00e9rtelem \u00e9s min\u0151s\u00e9g. Legyen sz\u00f3 ak\u00e1r k\u00f6nyvel\u00e9sr\u0151l, b\u00e9rsz\u00e1mfejt\u00e9sr\u0151l, vagy ad\u00f3tan\u00e1csad\u00e1sr\u00f3l munkat\u00e1rsaink szakmailag maxim\u00e1lisan felk\u00e9sz\u00fcltek \u00e9s \u00fcgyf\u00e9lk\u00f6zpont\u00fa gondolkod\u00e1s\u00faak.<\/li><\/ul><\/li><li style=\"list-style-type: none;\">\u00a0<ul class=\"demo\"><li>Professzion\u00e1lis k\u00f6rnyezetben v\u00e1rjuk \u00fcgyfeleinket, de ha sz\u00fcks\u00e9ges online is tudunk egy\u00fcttm\u0171k\u00f6dni<\/li><\/ul><\/li><\/ul>\t\t\t\t\t\t\t\t<\/div>\n\t\t\t\t\t<\/div>\n\t\t\t\t<\/div>\n\t\t\t\t<\/div>\n\t\t","protected":false},"excerpt":{"rendered":"<p>Ad\u00f3tan\u00e1csad\u00e1s Optimaliz\u00e1lt \u00e9s jogszer\u0171 ad\u00f3z\u00e1si megold\u00e1sok. Seg\u00edt\u00fcnk v\u00e1llalkoz\u00e1s\u00e1nak az ad\u00f3jogszab\u00e1lyoknak val\u00f3 pontos \u00e9s marad\u00e9ktalan megfelel\u00e9sben, mik\u00f6zben szak\u00e9rt\u0151 t\u00e1mogat\u00e1sunkkal minimaliz\u00e1lhat\u00f3k az ad\u00f3terhek a jogszab\u00e1lyi keretek k\u00f6z\u00f6tt. Naprak\u00e9sz ad\u00f3jogi ismereteinkkel \u00e9s gyakorlati tapasztalatunkkal biztos\u00edtjuk, hogy v\u00e1llalkoz\u00e1sa a lehet\u0151 legkedvez\u0151bb ad\u00f3z\u00e1si felt\u00e9telek mellett m\u0171k\u00f6dhessen, mik\u00f6zben teljes m\u00e9rt\u00e9kben megfelel a jogszab\u00e1lyoknak. Szolg\u00e1ltat\u00e1saink magukba foglalj\u00e1k: Ad\u00f3optimaliz\u00e1l\u00e1s \u00e9s strat\u00e9giai tervez\u00e9s\u00a0&#8211; leg\u00e1lis&hellip; <a class=\"more-link\" href=\"https:\/\/isuccess.niarztest.com\/index.php\/adotanacsadas\/\"><span class=\"screen-reader-text\">Ad\u00f3tan\u00e1csad\u00e1s<\/span> olvas\u00e1s\u00e1nak folytat\u00e1sa<\/a><\/p>\n","protected":false},"author":1,"featured_media":0,"parent":0,"menu_order":0,"comment_status":"closed","ping_status":"closed","template":"elementor_canvas","meta":{"footnotes":""},"class_list":["post-120","page","type-page","status-publish","hentry","entry"],"_links":{"self":[{"href":"https:\/\/isuccess.niarztest.com\/index.php\/wp-json\/wp\/v2\/pages\/120","targetHints":{"allow":["GET"]}}],"collection":[{"href":"https:\/\/isuccess.niarztest.com\/index.php\/wp-json\/wp\/v2\/pages"}],"about":[{"href":"https:\/\/isuccess.niarztest.com\/index.php\/wp-json\/wp\/v2\/types\/page"}],"author":[{"embeddable":true,"href":"https:\/\/isuccess.niarztest.com\/index.php\/wp-json\/wp\/v2\/users\/1"}],"replies":[{"embeddable":true,"href":"https:\/\/isuccess.niarztest.com\/index.php\/wp-json\/wp\/v2\/comments?post=120"}],"version-history":[{"count":19,"href":"https:\/\/isuccess.niarztest.com\/index.php\/wp-json\/wp\/v2\/pages\/120\/revisions"}],"predecessor-version":[{"id":654,"href":"https:\/\/isuccess.niarztest.com\/index.php\/wp-json\/wp\/v2\/pages\/120\/revisions\/654"}],"wp:attachment":[{"href":"https:\/\/isuccess.niarztest.com\/index.php\/wp-json\/wp\/v2\/media?parent=120"}],"curies":[{"name":"wp","href":"https:\/\/api.w.org\/{rel}","templated":true}]}}