{"id":115,"date":"2026-01-23T15:59:18","date_gmt":"2026-01-23T15:59:18","guid":{"rendered":"https:\/\/isuccess.niarztest.com\/?page_id=115"},"modified":"2026-02-03T12:19:17","modified_gmt":"2026-02-03T12:19:17","slug":"konyveles","status":"publish","type":"page","link":"https:\/\/isuccess.niarztest.com\/index.php\/konyveles\/","title":{"rendered":"K\u00f6nyvel\u00e9s"},"content":{"rendered":"\t\t<div data-elementor-type=\"wp-page\" data-elementor-id=\"115\" class=\"elementor elementor-115\" data-elementor-post-type=\"page\">\n\t\t\t\t<div class=\"elementor-element elementor-element-fad8816 e-flex e-con-boxed e-con e-parent\" data-id=\"fad8816\" data-element_type=\"container\" data-settings=\"{&quot;background_background&quot;:&quot;classic&quot;}\">\n\t\t\t\t\t<div class=\"e-con-inner\">\n\t\t\t\t<div class=\"elementor-element elementor-element-f8322ff elementor-widget elementor-widget-spacer\" data-id=\"f8322ff\" data-element_type=\"widget\" data-widget_type=\"spacer.default\">\n\t\t\t\t\t\t\t<div class=\"elementor-spacer\">\n\t\t\t<div class=\"elementor-spacer-inner\"><\/div>\n\t\t<\/div>\n\t\t\t\t\t\t<\/div>\n\t\t\t\t<div class=\"elementor-element elementor-element-e19e95b elementor-widget elementor-widget-heading\" data-id=\"e19e95b\" data-element_type=\"widget\" data-widget_type=\"heading.default\">\n\t\t\t\t\t<h2 class=\"elementor-heading-title elementor-size-default\">K\u00f6nyvel\u00e9s<\/h2>\t\t\t\t<\/div>\n\t\t\t\t<div class=\"elementor-element elementor-element-d32f8fa elementor-widget elementor-widget-spacer\" data-id=\"d32f8fa\" data-element_type=\"widget\" data-widget_type=\"spacer.default\">\n\t\t\t\t\t\t\t<div class=\"elementor-spacer\">\n\t\t\t<div class=\"elementor-spacer-inner\"><\/div>\n\t\t<\/div>\n\t\t\t\t\t\t<\/div>\n\t\t\t\t\t<\/div>\n\t\t\t\t<\/div>\n\t\t<div class=\"elementor-element elementor-element-68943ac e-flex e-con-boxed e-con e-parent\" data-id=\"68943ac\" data-element_type=\"container\">\n\t\t\t\t\t<div class=\"e-con-inner\">\n\t\t\t\t<div class=\"elementor-element elementor-element-b199178 elementor-widget elementor-widget-spacer\" data-id=\"b199178\" data-element_type=\"widget\" data-widget_type=\"spacer.default\">\n\t\t\t\t\t\t\t<div class=\"elementor-spacer\">\n\t\t\t<div class=\"elementor-spacer-inner\"><\/div>\n\t\t<\/div>\n\t\t\t\t\t\t<\/div>\n\t\t\t\t\t<\/div>\n\t\t\t\t<\/div>\n\t\t<div class=\"elementor-element elementor-element-7f9e446 e-flex e-con-boxed e-con e-parent\" data-id=\"7f9e446\" data-element_type=\"container\">\n\t\t\t\t\t<div class=\"e-con-inner\">\n\t\t<div class=\"elementor-element elementor-element-32a726d e-con-full e-flex e-con e-child\" data-id=\"32a726d\" data-element_type=\"container\">\n\t\t\t\t<div class=\"elementor-element elementor-element-084e261 elementor-widget elementor-widget-heading\" data-id=\"084e261\" data-element_type=\"widget\" data-widget_type=\"heading.default\">\n\t\t\t\t\t<h2 class=\"elementor-heading-title elementor-size-default\">Teljes k\u00f6r\u0171 k\u00f6nyvviteli szolg\u00e1ltat\u00e1st <\/h2>\t\t\t\t<\/div>\n\t\t\t\t<div class=\"elementor-element elementor-element-85789c5 elementor-widget elementor-widget-heading\" data-id=\"85789c5\" data-element_type=\"widget\" data-widget_type=\"heading.default\">\n\t\t\t\t\t<h2 class=\"elementor-heading-title elementor-size-default\">ny\u00fajtunk \u00fcgyfeleinek.<\/h2>\t\t\t\t<\/div>\n\t\t\t\t<\/div>\n\t\t<div class=\"elementor-element elementor-element-98f4624 e-con-full e-flex e-con e-child\" data-id=\"98f4624\" data-element_type=\"container\">\n\t\t\t\t<\/div>\n\t\t\t\t\t<\/div>\n\t\t\t\t<\/div>\n\t\t<div class=\"elementor-element elementor-element-475e9f6 e-flex e-con-boxed e-con e-parent\" data-id=\"475e9f6\" data-element_type=\"container\" data-settings=\"{&quot;background_background&quot;:&quot;classic&quot;}\">\n\t\t\t\t\t<div class=\"e-con-inner\">\n\t\t<div class=\"elementor-element elementor-element-b55e5e9 e-con-full e-flex e-con e-child\" data-id=\"b55e5e9\" data-element_type=\"container\">\n\t\t\t\t<div class=\"elementor-element elementor-element-e8a6017 elementor-widget elementor-widget-text-editor\" data-id=\"e8a6017\" data-element_type=\"widget\" data-widget_type=\"text-editor.default\">\n\t\t\t\t\t\t\t\t\t<p>Teljes k\u00f6r\u0171 k\u00f6nyvel\u00e9si szolg\u00e1ltat\u00e1sainkkal biztos\u00edtjuk v\u00e1llalkoz\u00e1sa p\u00e9nz\u00fcgyeinek \u00e1tl\u00e1that\u00f3s\u00e1g\u00e1t \u00e9s a jogszab\u00e1lyoknak val\u00f3 marad\u00e9ktalan megfelel\u00e9st. Modern \u00fcgyviteli rendszer\u00fcnk \u00e9s szak\u00e9rt\u0151 csapatunk gondoskodik r\u00f3la, hogy k\u00f6nyvel\u00e9se mindig naprak\u00e9sz, pontos \u00e9s ellen\u0151rizhet\u0151 legyen.\u00a0<b>Szolg\u00e1ltat\u00e1saink magukba foglalj\u00e1k:<\/b><br \/><b>Teljes k\u00f6r\u0171 kett\u0151s k\u00f6nyvvitel<\/b>\u00a0\u2013 minden p\u00e9nz\u00fcgyi tranzakci\u00f3 r\u00f6gz\u00edt\u00e9se \u00e9s feldolgoz\u00e1sa<br \/><b>Havi \u00e9s \u00e9ves adatszolg\u00e1ltat\u00e1s, bevall\u00e1sok k\u00e9sz\u00edt\u00e9se<\/b>\u00a0\u2013 \u00e1fa-, t\u00e1rsas\u00e1gi ad\u00f3- \u00e9s egy\u00e9b k\u00f6telezetts\u00e9gek pontos nyilv\u00e1ntart\u00e1sa<br \/><b>Besz\u00e1mol\u00f3k \u00e9s jelent\u00e9sek k\u00e9sz\u00edt\u00e9se<\/b>\u00a0\u2013 \u00e1tl\u00e1that\u00f3 p\u00e9nz\u00fcgyi kimutat\u00e1sok a vezet\u0151i d\u00f6nt\u00e9shozatalhoz<br \/><b>Sz\u00e1ml\u00e1k \u00e9s egy\u00e9b bizonylatok kezel\u00e9se<\/b>\u00a0&#8211; bej\u00f6v\u0151 \u00e9s kimen\u0151 sz\u00e1ml\u00e1k feldolgoz\u00e1sa, k\u00f6nyvel\u00e9se<br \/><b>Hat\u00f3s\u00e1gok el\u0151tti k\u00e9pviselet<\/b>\u00a0&#8211; NAV ellen\u0151rz\u00e9sek \u00e9s egy\u00e9b hat\u00f3s\u00e1gi \u00fcgyint\u00e9z\u00e9sek lebonyol\u00edt\u00e1sa<\/p>\t\t\t\t\t\t\t\t<\/div>\n\t\t\t\t<\/div>\n\t\t<div class=\"elementor-element elementor-element-c2e0f18 e-con-full e-flex e-con e-child\" data-id=\"c2e0f18\" data-element_type=\"container\">\n\t\t\t\t<div class=\"elementor-element elementor-element-e9fce60 elementor-widget elementor-widget-image\" data-id=\"e9fce60\" data-element_type=\"widget\" data-widget_type=\"image.default\">\n\t\t\t\t\t\t\t\t\t\t\t\t\t\t\t<img decoding=\"async\" src=\"https:\/\/isuccess.niarztest.com\/wp-content\/uploads\/elementor\/thumbs\/konyveles-rhp1pv94g81rpl1v4yjylnzle15furuknpqg29zlx8.png\" title=\"konyveles\" alt=\"konyveles\" loading=\"lazy\" \/>\t\t\t\t\t\t\t\t\t\t\t\t\t\t\t<\/div>\n\t\t\t\t<\/div>\n\t\t\t\t\t<\/div>\n\t\t\t\t<\/div>\n\t\t<div class=\"elementor-element elementor-element-671417a e-flex e-con-boxed e-con e-parent\" data-id=\"671417a\" data-element_type=\"container\">\n\t\t\t\t\t<div class=\"e-con-inner\">\n\t\t<div class=\"elementor-element elementor-element-f25d54c e-con-full e-flex e-con e-child\" data-id=\"f25d54c\" data-element_type=\"container\">\n\t\t\t\t<\/div>\n\t\t<div class=\"elementor-element elementor-element-8df4c87 e-con-full e-flex e-con e-child\" data-id=\"8df4c87\" data-element_type=\"container\">\n\t\t\t\t<div class=\"elementor-element elementor-element-e8dc0e8 elementor-widget elementor-widget-heading\" data-id=\"e8dc0e8\" data-element_type=\"widget\" data-widget_type=\"heading.default\">\n\t\t\t\t\t<h2 class=\"elementor-heading-title elementor-size-default\">K\u00f6nyvel\u00e9s a<\/h2>\t\t\t\t<\/div>\n\t\t\t\t<div class=\"elementor-element elementor-element-ef08d6a elementor-widget elementor-widget-heading\" data-id=\"ef08d6a\" data-element_type=\"widget\" data-widget_type=\"heading.default\">\n\t\t\t\t\t<h2 class=\"elementor-heading-title elementor-size-default\">gyakorlatban<\/h2>\t\t\t\t<\/div>\n\t\t\t\t<\/div>\n\t\t\t\t\t<\/div>\n\t\t\t\t<\/div>\n\t\t<div class=\"elementor-element elementor-element-ea39c62 e-flex e-con-boxed e-con e-parent\" data-id=\"ea39c62\" data-element_type=\"container\" data-settings=\"{&quot;background_background&quot;:&quot;classic&quot;}\">\n\t\t\t\t\t<div class=\"e-con-inner\">\n\t\t<div class=\"elementor-element elementor-element-38c25eb e-con-full e-flex e-con e-child\" data-id=\"38c25eb\" data-element_type=\"container\">\n\t\t\t\t<div class=\"elementor-element elementor-element-bd494d5 elementor-widget elementor-widget-image\" data-id=\"bd494d5\" data-element_type=\"widget\" data-widget_type=\"image.default\">\n\t\t\t\t\t\t\t\t\t\t\t\t\t\t\t<img decoding=\"async\" src=\"https:\/\/isuccess.niarztest.com\/wp-content\/uploads\/elementor\/thumbs\/konyveles-rhp1pv94g81rpl1v4yjylnzle15furuknpqg29zlx8.png\" title=\"konyveles\" alt=\"konyveles\" loading=\"lazy\" \/>\t\t\t\t\t\t\t\t\t\t\t\t\t\t\t<\/div>\n\t\t\t\t<\/div>\n\t\t<div class=\"elementor-element elementor-element-bf50d0f e-con-full e-flex e-con e-child\" data-id=\"bf50d0f\" data-element_type=\"container\">\n\t\t\t\t<div class=\"elementor-element elementor-element-247b57f elementor-widget elementor-widget-text-editor\" data-id=\"247b57f\" data-element_type=\"widget\" data-widget_type=\"text-editor.default\">\n\t\t\t\t\t\t\t\t\t<p class=\"wow fadeInRight\">A k\u00f6nyvel\u00e9st az \u00fcgyfeleinkt\u0151l kapott bizonylatok alapj\u00e1n k\u00e9sz\u00edtj\u00fck el, mindig a hat\u00e1lyos jogszab\u00e1lyoknak megfelel\u0151en. A hat\u00e1rid\u0151s bevall\u00e1sokat \u00e9s jelent\u00e9seket bek\u00fcldj\u00fck az illet\u00e9kes hat\u00f3s\u00e1goknak, bele\u00e9rtve:<\/p><ul><li>az \u00e1llami ad\u00f3hat\u00f3s\u00e1got,<\/li><li>a helyi \u00f6nkorm\u00e1nyzatokat,<\/li><li>a K\u00f6zponti Statisztikai Hivatalt,<\/li><li>a Magyar Nemzeti Bankot,<\/li><li>valamint a P\u00e9nz\u00fcgyi Szervezetek \u00c1llami Fel\u00fcgyelet\u00e9t.<\/li><\/ul><p class=\"wow fadeInRight\"><b>Folyamatos t\u00e1j\u00e9koztat\u00e1s \u00e9s t\u00e1mogat\u00e1s<\/b>\u00a0\u00dcgyfeleinket rendszeresen, \u00edr\u00e1sban \u00e9rtes\u00edtj\u00fck a hat\u00f3s\u00e1gok fel\u00e9 teljes\u00edtend\u0151 fizet\u00e9si k\u00f6telezetts\u00e9geikr\u0151l, a hat\u00e1rid\u0151kr\u0151l \u00e9s az esetleges v\u00e1ltoz\u00e1sokr\u00f3l. Seg\u00edts\u00e9get ny\u00fajtunk a sz\u00e1mviteli politika \u00e9s egy\u00e9b k\u00f6telez\u0151 szab\u00e1lyzatok elk\u00e9sz\u00edt\u00e9s\u00e9ben is.\u00a0<b>Egyedi ig\u00e9nyekre szabott szolg\u00e1ltat\u00e1sok<\/b>\u00a0Sz\u00fcks\u00e9g eset\u00e9n havi vagy id\u0151szaki z\u00e1r\u00e1st k\u00e9sz\u00edt\u00fcnk, amely az al\u00e1bbiakat tartalmazhatja:<\/p><ul><li>f\u0151k\u00f6nyvi kivonat,<\/li><li>eredm\u00e9nykimutat\u00e1s,<\/li><li>management riport.<\/li><\/ul><p class=\"wow fadeInRight\">Ezeket a dokumentumokat a megadott form\u00e1tumban \u00e9s hat\u00e1rid\u0151re elk\u00e9sz\u00edtj\u00fck, magyar \u00e9s \u2013 ig\u00e9ny szerint \u2013 angol nyelven is.\u00a0<b>Speci\u00e1lis kimutat\u00e1sok \u00e9s besz\u00e1mol\u00f3k<\/b>\u00a0V\u00e1llaljuk egyedi vagy konszolid\u00e1lt besz\u00e1mol\u00f3k \u00f6ssze\u00e1ll\u00edt\u00e1s\u00e1t az anyac\u00e9g vagy a v\u00e1llalkoz\u00e1s saj\u00e1t ig\u00e9nyei szerint. A komplex tev\u00e9kenys\u00e9gi k\u00f6rrel rendelkez\u0151 c\u00e9gek sz\u00e1m\u00e1ra biztos\u00edtjuk a k\u00f6lts\u00e9ghely\/k\u00f6lts\u00e9gvisel\u0151 szerinti k\u00f6nyvel\u00e9st, valamint munkasz\u00e1m szerinti nyilv\u00e1ntart\u00e1st.\u00a0<b>Jogszab\u00e1lyi v\u00e1ltoz\u00e1sok k\u00f6vet\u00e9se<\/b>\u00a0\u00dcgyfeleinket mindig id\u0151ben \u00e9rtes\u00edtj\u00fck a v\u00e1llalkoz\u00e1sukat \u00e9rint\u0151 jogszab\u00e1lyi v\u00e1ltoz\u00e1sokr\u00f3l. Sz\u00fcks\u00e9g eset\u00e9n szem\u00e9lyes konzult\u00e1ci\u00f3t is biztos\u00edtunk, hogy minden felmer\u00fcl\u0151 k\u00e9rd\u00e9st megv\u00e1laszoljunk.<\/p>\t\t\t\t\t\t\t\t<\/div>\n\t\t\t\t<\/div>\n\t\t\t\t\t<\/div>\n\t\t\t\t<\/div>\n\t\t<div class=\"elementor-element elementor-element-def1201 e-flex e-con-boxed e-con e-parent\" data-id=\"def1201\" data-element_type=\"container\">\n\t\t\t\t\t<div class=\"e-con-inner\">\n\t\t\t\t<div class=\"elementor-element elementor-element-5337574 elementor-widget elementor-widget-spacer\" data-id=\"5337574\" data-element_type=\"widget\" data-widget_type=\"spacer.default\">\n\t\t\t\t\t\t\t<div class=\"elementor-spacer\">\n\t\t\t<div class=\"elementor-spacer-inner\"><\/div>\n\t\t<\/div>\n\t\t\t\t\t\t<\/div>\n\t\t\t\t<div class=\"elementor-element elementor-element-2016535 elementor-widget elementor-widget-heading\" data-id=\"2016535\" data-element_type=\"widget\" data-widget_type=\"heading.default\">\n\t\t\t\t\t<h2 class=\"elementor-heading-title elementor-size-default\">C\u00e9g\u00fcnk \u00e1ltal ny\u00fajtott szolg\u00e1ltat\u00e1sok<\/h2>\t\t\t\t<\/div>\n\t\t\t\t<div class=\"elementor-element elementor-element-acf257b elementor-widget-divider--view-line elementor-widget elementor-widget-divider\" data-id=\"acf257b\" data-element_type=\"widget\" data-widget_type=\"divider.default\">\n\t\t\t\t\t\t\t<div class=\"elementor-divider\">\n\t\t\t<span class=\"elementor-divider-separator\">\n\t\t\t\t\t\t<\/span>\n\t\t<\/div>\n\t\t\t\t\t\t<\/div>\n\t\t\t\t\t<\/div>\n\t\t\t\t<\/div>\n\t\t<div class=\"elementor-element elementor-element-b4fae68 e-flex e-con-boxed e-con e-parent\" data-id=\"b4fae68\" data-element_type=\"container\">\n\t\t\t\t\t<div class=\"e-con-inner\">\n\t\t<div class=\"elementor-element elementor-element-55add35 e-con-full e-flex e-con e-child\" data-id=\"55add35\" data-element_type=\"container\">\n\t\t\t\t<div class=\"elementor-element elementor-element-3a92172 elementor-widget elementor-widget-image\" data-id=\"3a92172\" data-element_type=\"widget\" data-widget_type=\"image.default\">\n\t\t\t\t\t\t\t\t\t\t\t\t\t\t\t<img decoding=\"async\" src=\"https:\/\/isuccess.niarztest.com\/wp-content\/uploads\/elementor\/thumbs\/konyveles-rhp1pv94g81rpl1v4yjylnzle15furuknpqg29zlx8.png\" title=\"konyveles\" alt=\"konyveles\" class=\"elementor-animation-grow\" loading=\"lazy\" \/>\t\t\t\t\t\t\t\t\t\t\t\t\t\t\t<\/div>\n\t\t\t\t<\/div>\n\t\t<div class=\"elementor-element elementor-element-17c8656 e-con-full e-flex e-con e-child\" data-id=\"17c8656\" data-element_type=\"container\">\n\t\t\t\t<div class=\"elementor-element elementor-element-0645afc elementor-widget elementor-widget-image\" data-id=\"0645afc\" data-element_type=\"widget\" data-widget_type=\"image.default\">\n\t\t\t\t\t\t\t\t\t\t\t\t\t\t\t<img decoding=\"async\" src=\"https:\/\/isuccess.niarztest.com\/wp-content\/uploads\/elementor\/thumbs\/adotanacsadas-rhp1ppm3b7u1rxa21w476pettpx8kl86mxtj6m7yyk.png\" title=\"adotanacsadas\" alt=\"adotanacsadas\" class=\"elementor-animation-grow\" loading=\"lazy\" \/>\t\t\t\t\t\t\t\t\t\t\t\t\t\t\t<\/div>\n\t\t\t\t<\/div>\n\t\t<div class=\"elementor-element elementor-element-1c84d39 e-con-full e-flex e-con e-child\" data-id=\"1c84d39\" data-element_type=\"container\">\n\t\t\t\t<div class=\"elementor-element elementor-element-7b8efaa elementor-widget elementor-widget-image\" data-id=\"7b8efaa\" data-element_type=\"widget\" data-widget_type=\"image.default\">\n\t\t\t\t\t\t\t\t\t\t\t\t\t\t\t<img decoding=\"async\" src=\"https:\/\/isuccess.niarztest.com\/wp-content\/uploads\/elementor\/thumbs\/cegatvilagitas-rhp1ptdg2jz72d4lfxqpgogo79epfdn3zgfh3q2e9o.png\" title=\"cegatvilagitas\" alt=\"cegatvilagitas\" class=\"elementor-animation-grow\" loading=\"lazy\" \/>\t\t\t\t\t\t\t\t\t\t\t\t\t\t\t<\/div>\n\t\t\t\t<\/div>\n\t\t<div class=\"elementor-element elementor-element-842b1fa e-con-full e-flex e-con e-child\" data-id=\"842b1fa\" data-element_type=\"container\">\n\t\t\t\t<div class=\"elementor-element elementor-element-c3618c7 elementor-widget elementor-widget-image\" data-id=\"c3618c7\" data-element_type=\"widget\" data-widget_type=\"image.default\">\n\t\t\t\t\t\t\t\t\t\t\t\t\t\t\t<img decoding=\"async\" src=\"https:\/\/isuccess.niarztest.com\/wp-content\/uploads\/elementor\/thumbs\/uzletviteli_tanacsadas-rhp1qjoxdwz83g2d6949ehtku1szewjlf2p2jgzdfg.png\" title=\"uzletviteli_tanacsadas\" alt=\"uzletviteli_tanacsadas\" class=\"elementor-animation-grow\" loading=\"lazy\" \/>\t\t\t\t\t\t\t\t\t\t\t\t\t\t\t<\/div>\n\t\t\t\t<\/div>\n\t\t<div class=\"elementor-element elementor-element-a47d674 e-con-full e-flex e-con e-child\" data-id=\"a47d674\" data-element_type=\"container\">\n\t\t\t\t<div class=\"elementor-element elementor-element-a81c919 elementor-widget elementor-widget-image\" data-id=\"a81c919\" data-element_type=\"widget\" data-widget_type=\"image.default\">\n\t\t\t\t\t\t\t\t\t\t\t\t\t\t\t<img decoding=\"async\" src=\"https:\/\/isuccess.niarztest.com\/wp-content\/uploads\/elementor\/thumbs\/berszamfejtes-rhp1psflvpxwqr5ylfc2w6p7lvjc7ojdnbrzmg3sfw.png\" title=\"berszamfejtes\" alt=\"berszamfejtes\" class=\"elementor-animation-grow\" loading=\"lazy\" \/>\t\t\t\t\t\t\t\t\t\t\t\t\t\t\t<\/div>\n\t\t\t\t<div class=\"elementor-element elementor-element-efdcc02 elementor-hidden-mobile elementor-widget elementor-widget-spacer\" data-id=\"efdcc02\" data-element_type=\"widget\" data-widget_type=\"spacer.default\">\n\t\t\t\t\t\t\t<div class=\"elementor-spacer\">\n\t\t\t<div class=\"elementor-spacer-inner\"><\/div>\n\t\t<\/div>\n\t\t\t\t\t\t<\/div>\n\t\t\t\t<\/div>\n\t\t<div class=\"elementor-element elementor-element-6f1831b e-con-full e-flex e-con e-child\" data-id=\"6f1831b\" data-element_type=\"container\">\n\t\t\t\t<div class=\"elementor-element elementor-element-5980ec0 elementor-widget elementor-widget-image\" data-id=\"5980ec0\" data-element_type=\"widget\" data-widget_type=\"image.default\">\n\t\t\t\t\t\t\t\t\t\t\t\t\t\t\t<img decoding=\"async\" src=\"https:\/\/isuccess.niarztest.com\/wp-content\/uploads\/elementor\/thumbs\/hitelugyintezes-rhp1puba9e0hdz38ag5c1684sna2n2qubl2yl0103g.png\" title=\"hitelugyintezes\" alt=\"hitelugyintezes\" class=\"elementor-animation-grow\" loading=\"lazy\" \/>\t\t\t\t\t\t\t\t\t\t\t\t\t\t\t<\/div>\n\t\t\t\t<\/div>\n\t\t\t\t\t<\/div>\n\t\t\t\t<\/div>\n\t\t<div class=\"elementor-element elementor-element-765b12f e-flex e-con-boxed e-con e-parent\" data-id=\"765b12f\" data-element_type=\"container\">\n\t\t\t\t\t<div class=\"e-con-inner\">\n\t\t\t\t<div class=\"elementor-element elementor-element-2110449 elementor-widget elementor-widget-spacer\" data-id=\"2110449\" data-element_type=\"widget\" data-widget_type=\"spacer.default\">\n\t\t\t\t\t\t\t<div class=\"elementor-spacer\">\n\t\t\t<div class=\"elementor-spacer-inner\"><\/div>\n\t\t<\/div>\n\t\t\t\t\t\t<\/div>\n\t\t\t\t<div class=\"elementor-element elementor-element-c041e72 elementor-widget elementor-widget-heading\" data-id=\"c041e72\" data-element_type=\"widget\" data-widget_type=\"heading.default\">\n\t\t\t\t\t<h2 class=\"elementor-heading-title elementor-size-default\">Az elismer\u00e9seink\na Te Sikereiddel\nkezd\u0151dnek<\/h2>\t\t\t\t<\/div>\n\t\t\t\t<div class=\"elementor-element elementor-element-f7569e2 elementor-widget-divider--view-line elementor-widget elementor-widget-divider\" data-id=\"f7569e2\" data-element_type=\"widget\" data-widget_type=\"divider.default\">\n\t\t\t\t\t\t\t<div class=\"elementor-divider\">\n\t\t\t<span class=\"elementor-divider-separator\">\n\t\t\t\t\t\t<\/span>\n\t\t<\/div>\n\t\t\t\t\t\t<\/div>\n\t\t\t\t\t<\/div>\n\t\t\t\t<\/div>\n\t\t<div class=\"elementor-element elementor-element-f7cbcad e-flex e-con-boxed e-con e-parent\" data-id=\"f7cbcad\" data-element_type=\"container\">\n\t\t\t\t\t<div class=\"e-con-inner\">\n\t\t\t\t<div class=\"elementor-element elementor-element-ba7bc1e elementor-widget elementor-widget-text-editor\" data-id=\"ba7bc1e\" data-element_type=\"widget\" data-widget_type=\"text-editor.default\">\n\t\t\t\t\t\t\t\t\t<ul class=\"demo\"><li style=\"list-style-type: none;\"><ul class=\"demo\"><li>Proakt\u00edvan m\u0171k\u00f6d\u00fcnk. Menedzsment szeml\u00e9let\u00fcnknek k\u00f6sz\u00f6nhet\u0151en c\u00e9ge \u00f6sszes folyamat\u00e1t figyelembe v\u00e9ve javaslunk p\u00e9nz\u00fcgyi megold\u00e1sokat.<\/li><\/ul><\/li><\/ul><p>\u00a0<\/p><ul class=\"demo\"><li style=\"list-style-type: none;\"><ul class=\"demo\"><li>Bizalom \u00e9s megb\u00edzhat\u00f3s\u00e1g! Csakis olyan megold\u00e1sokat javaslunk, ami kock\u00e1zatmentes, \u00e9s ami egy ad\u00f3ellen\u0151rz\u00e9sen is meg\u00e1llja a hely\u00e9t.<\/li><\/ul><\/li><\/ul><p>\u00a0<\/p><ul class=\"demo\"><li style=\"list-style-type: none;\"><ul class=\"demo\"><li>Garancia. Szakmai felel\u0151ss\u00e9gbiztos\u00edt\u00e1sunk van. Ha hib\u00e1zunk, beismerj\u00fck, nem t\u0171n\u00fcnk el, helyrehozzuk \u00e9s kiegyenl\u00edtj\u00fck, mert a legfontosabb a tisztess\u00e9g \u00e9s a bizalom<\/li><\/ul><\/li><\/ul><p>\u00a0<\/p><ul class=\"demo\"><li style=\"list-style-type: none;\"><ul class=\"demo\"><li>Szak\u00e9rtelem \u00e9s min\u0151s\u00e9g. Legyen sz\u00f3 ak\u00e1r k\u00f6nyvel\u00e9sr\u0151l, b\u00e9rsz\u00e1mfejt\u00e9sr\u0151l, vagy ad\u00f3tan\u00e1csad\u00e1sr\u00f3l munkat\u00e1rsaink szakmailag maxim\u00e1lisan felk\u00e9sz\u00fcltek \u00e9s \u00fcgyf\u00e9lk\u00f6zpont\u00fa gondolkod\u00e1s\u00faak.<\/li><\/ul><\/li><li style=\"list-style-type: none;\">\u00a0<ul class=\"demo\"><li>Professzion\u00e1lis k\u00f6rnyezetben v\u00e1rjuk \u00fcgyfeleinket, de ha sz\u00fcks\u00e9ges online is tudunk egy\u00fcttm\u0171k\u00f6dni<\/li><\/ul><\/li><\/ul>\t\t\t\t\t\t\t\t<\/div>\n\t\t\t\t\t<\/div>\n\t\t\t\t<\/div>\n\t\t\t\t<\/div>\n\t\t","protected":false},"excerpt":{"rendered":"<p>K\u00f6nyvel\u00e9s Teljes k\u00f6r\u0171 k\u00f6nyvviteli szolg\u00e1ltat\u00e1st ny\u00fajtunk \u00fcgyfeleinek. Teljes k\u00f6r\u0171 k\u00f6nyvel\u00e9si szolg\u00e1ltat\u00e1sainkkal biztos\u00edtjuk v\u00e1llalkoz\u00e1sa p\u00e9nz\u00fcgyeinek \u00e1tl\u00e1that\u00f3s\u00e1g\u00e1t \u00e9s a jogszab\u00e1lyoknak val\u00f3 marad\u00e9ktalan megfelel\u00e9st. Modern \u00fcgyviteli rendszer\u00fcnk \u00e9s szak\u00e9rt\u0151 csapatunk gondoskodik r\u00f3la, hogy k\u00f6nyvel\u00e9se mindig naprak\u00e9sz, pontos \u00e9s ellen\u0151rizhet\u0151 legyen.\u00a0Szolg\u00e1ltat\u00e1saink magukba foglalj\u00e1k:Teljes k\u00f6r\u0171 kett\u0151s k\u00f6nyvvitel\u00a0\u2013 minden p\u00e9nz\u00fcgyi tranzakci\u00f3 r\u00f6gz\u00edt\u00e9se \u00e9s feldolgoz\u00e1saHavi \u00e9s \u00e9ves adatszolg\u00e1ltat\u00e1s, bevall\u00e1sok k\u00e9sz\u00edt\u00e9se\u00a0\u2013 \u00e1fa-, t\u00e1rsas\u00e1gi&hellip; <a class=\"more-link\" href=\"https:\/\/isuccess.niarztest.com\/index.php\/konyveles\/\"><span class=\"screen-reader-text\">K\u00f6nyvel\u00e9s<\/span> olvas\u00e1s\u00e1nak folytat\u00e1sa<\/a><\/p>\n","protected":false},"author":1,"featured_media":0,"parent":0,"menu_order":0,"comment_status":"closed","ping_status":"closed","template":"elementor_canvas","meta":{"footnotes":""},"class_list":["post-115","page","type-page","status-publish","hentry","entry"],"_links":{"self":[{"href":"https:\/\/isuccess.niarztest.com\/index.php\/wp-json\/wp\/v2\/pages\/115","targetHints":{"allow":["GET"]}}],"collection":[{"href":"https:\/\/isuccess.niarztest.com\/index.php\/wp-json\/wp\/v2\/pages"}],"about":[{"href":"https:\/\/isuccess.niarztest.com\/index.php\/wp-json\/wp\/v2\/types\/page"}],"author":[{"embeddable":true,"href":"https:\/\/isuccess.niarztest.com\/index.php\/wp-json\/wp\/v2\/users\/1"}],"replies":[{"embeddable":true,"href":"https:\/\/isuccess.niarztest.com\/index.php\/wp-json\/wp\/v2\/comments?post=115"}],"version-history":[{"count":22,"href":"https:\/\/isuccess.niarztest.com\/index.php\/wp-json\/wp\/v2\/pages\/115\/revisions"}],"predecessor-version":[{"id":657,"href":"https:\/\/isuccess.niarztest.com\/index.php\/wp-json\/wp\/v2\/pages\/115\/revisions\/657"}],"wp:attachment":[{"href":"https:\/\/isuccess.niarztest.com\/index.php\/wp-json\/wp\/v2\/media?parent=115"}],"curies":[{"name":"wp","href":"https:\/\/api.w.org\/{rel}","templated":true}]}}